{"id":2630,"date":"2025-05-07T11:10:14","date_gmt":"2025-05-07T09:10:14","guid":{"rendered":"https:\/\/lbh2.de\/?page_id=2630"},"modified":"2025-05-12T12:13:58","modified_gmt":"2025-05-12T10:13:58","slug":"erklaerung-zur-barrierefreiheit","status":"publish","type":"page","link":"https:\/\/lbh2.de\/de\/erklaerung-zur-barrierefreiheit\/","title":{"rendered":"Erkl\u00e4rung zur Barrierefreiheit"},"content":{"rendered":"\t\t<div data-elementor-type=\"wp-page\" data-elementor-id=\"2630\" class=\"elementor elementor-2630\" data-elementor-post-type=\"page\">\n\t\t\t\t<div class=\"elementor-element elementor-element-bc3d9f4 e-flex e-con-boxed e-con e-parent\" data-id=\"bc3d9f4\" data-element_type=\"container\" data-e-type=\"container\">\n\t\t\t\t\t<div class=\"e-con-inner\">\n\t\t\t\t<div class=\"elementor-element elementor-element-53e3ac3 elementor-widget elementor-widget-text-editor\" data-id=\"53e3ac3\" data-element_type=\"widget\" data-e-type=\"widget\" data-widget_type=\"text-editor.default\">\n\t\t\t\t<div class=\"elementor-widget-container\">\n\t\t\t\t\t\t\t\t\t  <p>Wir (Ley Beyel Hoff Hellmann Steuerberater PartmbB) als Websitebetreiber sind bem\u00fcht, die Website in Einklang mit den einschl\u00e4gigen Vorschriften zur Barrierefreiheit zu gestalten. F\u00fcr uns gelten folgende Rechtsvorschriften:\n    Gesetz des Landes Nordrhein-Westfalen zur Gleichstellung von Menschen mit Behinderung (Behindertengleichstellungsgesetz Nordrhein-Westfalen &#8211; BGG NRW) und Barrierefreie-Informationstechnik-Verordnung Nordrhein-Westfalen (BITVNRW).\n  <\/p>\n\n  <h2>Website<\/h2>\n  <p>Diese Erkl\u00e4rung zur Barrierefreiheit gilt f\u00fcr die Website <a href=\"https:\/\/lbh2.de\/\">https:\/\/lbh2.de\/<\/a>.<\/p>\n\n  <h2>Feedback und Kontaktangaben<\/h2>\n  <p>Sind Ihnen M\u00e4ngel beim barrierefreien Zugang zu Inhalten auf unserer Website aufgefallen, oder haben Sie Anmerkungen sowie Fragen zum barrierefreien Zugang? Melden Sie sich gerne bei uns unter:<\/p>\n  \n  <address>\n    <strong>Ley Beyel Hoff Hellmann Steuerberater PartmbB<\/strong><br>\n    Weststra\u00dfe 12<br>\n    47929 Grefrath<br><br>\n\n    <strong>Telefon:<\/strong> <a href=\"tel:+492158408290\">+49 (0) 2158-40829-0<\/a><br>\n    <strong>Telefax:<\/strong> +49 (0) 2158-40829-29<br>\n    <strong>E-Mail:<\/strong> <a href=\"mailto:info@lbh2.de\">info@lbh2.de<\/a><br>\n    <a href=\"https:\/\/lbh2.de\/de\/kontakt\/\">https:\/\/lbh2.de\/de\/kontakt\/<\/a>\n  <\/address>\n\n<\/br>  <h2>Stand der Vereinbarkeit mit den Anforderungen<\/h2>\n\n  <h3>Unvereinbarkeit mit den Rechtsvorschriften zur Barrierefreiheit<\/h3>\n  <ul>\n    <li>Untertitel oder Transkripte f\u00fcr eingebettete Videos fehlen (zurzeit keine Videos eingebunden; bei k\u00fcnftiger Einbindung muss Barrierefreiheit sichergestellt werden).<\/li>\n    <li>Strukturierung von \u00dcberschriften und Inhalten ist \u00fcberwiegend korrekt, weist aber in Einzelf\u00e4llen noch kleinere Abweichungen von den semantischen Standards auf.<\/li>\n    <li>Einzelne Animationen (z.\u202fB. Slider-\u00dcberg\u00e4nge) k\u00f6nnten von manchen Nutzenden als ablenkend oder st\u00f6rend empfunden werden.<\/li>\n    <li>Formularfelder sind gr\u00f6\u00dftenteils korrekt ausgezeichnet, in wenigen F\u00e4llen fehlen jedoch durchg\u00e4ngige Label-Zuweisungen.<\/li>\n    <li>Fehlermeldungen in Formularen sind nicht immer klar erkennbar oder vollst\u00e4ndig barrierefrei formuliert.<\/li>\n    <li>Die HTML-Struktur weist vereinzelt semantische M\u00e4ngel auf (z.\u202fB. nicht deklarierte Landmarken oder unklare ARIA-Rollen).<\/li>\n    <li>Die Nutzung mit Screenreadern ist insgesamt gut m\u00f6glich, aber in bestimmten Navigations- oder Interaktionselementen verbesserungsw\u00fcrdig.<\/li>\n    <li>Die Bedienung mit einer Tastatur ist weitgehend m\u00f6glich, aber Drop-down-Men\u00fcs oder Slider reagieren nicht immer erwartungskonform.<\/li>\n    <li>Farbkontraste sind in der Regel ausreichend, k\u00f6nnen bei Hover-Effekten oder \u00fcberlagertem Text (z.\u202fB. auf Bildern) teilweise zu gering sein.<\/li>\n    <li>Nicht alle Informationen werden \u00fcber mehr als einen sensorischen Kanal angeboten, z.\u202fB. fehlen zus\u00e4tzliche textliche Erkl\u00e4rungen bei Farbkennzeichnungen.<\/li>\n  <\/ul>\n\n  <h3>Unverh\u00e4ltnism\u00e4\u00dfige Belastung<\/h3>\n  <p>Folgende Inhalte werden nicht barrierefrei zur Verf\u00fcgung gestellt, weil dies f\u00fcr uns zu einer unverh\u00e4ltnism\u00e4\u00dfigen Belastung f\u00fchren w\u00fcrde:<\/p>\n  <p>Nach aktuellem Kenntnisstand gibt es auf dieser Website keine Abschnitte, f\u00fcr die eine Ausnahme aufgrund unverh\u00e4ltnism\u00e4\u00dfiger Belastung gem\u00e4\u00df Artikel 5 der Richtlinie (EU) 2016\/2102 geltend gemacht wird.<\/p>\n\n  <h3>Barrierefreie Alternativen<\/h3>\n  <p>F\u00fcr unsere nicht barrierefreien Inhalte stellen wir folgende barrierefreie Alternativen zur Verf\u00fcgung:<\/p>\n  <ul>\n    <li>Elementor Ally Plugin zur individuellen Anpassung von Kontrasten, Schriftgr\u00f6\u00dfen und visuellen Einstellungen.<\/li>\n    <li>Ein Bereich in Leichter Sprache (\u201e\u00dcber uns\u201c) ist verf\u00fcgbar oder in finaler Umsetzung.<\/li>\n    <li>Vollst\u00e4ndige Alternativtexte und Beschreibungen f\u00fcr alle Bilder und verlinkten Medieninhalte, gem\u00e4\u00df WCAG-Anforderungen.<\/li>\n  <\/ul>\n\n  <h3>Evaluationsmethode<\/h3>\n  <p>Die Bewertung der Barrierefreiheit der Website erfolgte durch:<\/p>\n  <ul>\n    <li>Manuelle Sichtpr\u00fcfung zentraler Seitenbereiche (Start, \u00dcber uns, Kontakt, Leistungen).<\/li>\n    <li>Einsatz automatisierter Testtools wie WAVE, AXE und Lighthouse.<\/li>\n    <li>Orientierung an den Vorgaben der WCAG 2.1, der BITV 2.0 sowie des Barrierefreiheitsst\u00e4rkungsgesetzes (BFSG).<\/li>\n    <li>Einbeziehung der Funktionen des Elementor Ally Plugins, insbesondere im Hinblick auf Tastaturbedienbarkeit, Kontraste und Nutzeranpassungen.<\/li>\n  <\/ul>\n\n  <\/br> <h2>Durchsetzungsverfahren<\/h2>\n  <p>Sollten Sie der Ansicht sein, dass Sie durch eine nicht ausreichende barrierefreie Gestaltung unserer Website benachteiligt sind, k\u00f6nnen Sie sich an die zust\u00e4ndige Durchsetzungsstelle wenden. Diese erreichen Sie unter:<\/p>\n\n  <address>\n    <strong>Ombudsstelle f\u00fcr barrierefreie Informationstechnik des Landes Nordrhein-Westfalen<\/strong><br>\n    bei der Landesbeauftragten f\u00fcr Menschen mit Behinderungen<br>\n    F\u00fcrstenwall 25<br>\n    40219 D\u00fcsseldorf<br>\n    <strong>E-Mail:<\/strong> <a href=\"mailto:ombudsstelle-barrierefreie-it@mags.nrw.de\">ombudsstelle-barrierefreie-it@mags.nrw.de<\/a>\n  <\/address>\n\n <\/br>  <h2>Erstellung dieser Erkl\u00e4rung zur Barrierefreiheit<\/h2>\n  <p>Diese Erkl\u00e4rung wurde am 02.05.2025 erstellt.<br>\n  Die Erkl\u00e4rung wurde zuletzt am 02.05.2025 \u00fcberpr\u00fcft.<\/p>\n\n\n\t\t\t\t\t\t\t\t<\/div>\n\t\t\t\t<\/div>\n\t\t\t\t\t<\/div>\n\t\t\t\t<\/div>\n\t\t\t\t<\/div>\n\t\t","protected":false},"excerpt":{"rendered":"<p>Wir (Ley Beyel Hoff Hellmann Steuerberater PartmbB) als Websitebetreiber sind bem\u00fcht, die Website in Einklang mit den einschl\u00e4gigen Vorschriften zur Barrierefreiheit zu gestalten. F\u00fcr uns gelten folgende Rechtsvorschriften: Gesetz des Landes Nordrhein-Westfalen zur Gleichstellung von Menschen mit Behinderung (Behindertengleichstellungsgesetz Nordrhein-Westfalen &#8211; BGG NRW) und Barrierefreie-Informationstechnik-Verordnung Nordrhein-Westfalen (BITVNRW). Website Diese Erkl\u00e4rung zur Barrierefreiheit gilt f\u00fcr die [&hellip;]<\/p>\n","protected":false},"author":1,"featured_media":1420,"parent":0,"menu_order":0,"comment_status":"closed","ping_status":"closed","template":"","meta":{"footnotes":""},"class_list":["post-2630","page","type-page","status-publish","has-post-thumbnail","hentry"],"yoast_head":"<!-- This site is optimized with the Yoast SEO plugin v27.4 - https:\/\/yoast.com\/product\/yoast-seo-wordpress\/ -->\n<title>Erkl\u00e4rung zur Barrierefreiheit - LBH\u00b2 | Ley Beyel Hoff Hellmann Steuerberater PartmbB<\/title>\n<meta name=\"robots\" content=\"index, follow, max-snippet:-1, max-image-preview:large, max-video-preview:-1\" \/>\n<link rel=\"canonical\" href=\"https:\/\/lbh2.de\/de\/erklaerung-zur-barrierefreiheit\/\" \/>\n<meta property=\"og:locale\" content=\"de_DE\" \/>\n<meta property=\"og:type\" content=\"article\" \/>\n<meta property=\"og:title\" content=\"Erkl\u00e4rung zur Barrierefreiheit - LBH\u00b2 | Ley Beyel Hoff Hellmann Steuerberater PartmbB\" \/>\n<meta property=\"og:description\" content=\"Wir (Ley Beyel Hoff Hellmann Steuerberater PartmbB) als Websitebetreiber sind bem\u00fcht, die Website in Einklang mit den einschl\u00e4gigen Vorschriften zur Barrierefreiheit zu gestalten. F\u00fcr uns gelten folgende Rechtsvorschriften: Gesetz des Landes Nordrhein-Westfalen zur Gleichstellung von Menschen mit Behinderung (Behindertengleichstellungsgesetz Nordrhein-Westfalen &#8211; BGG NRW) und Barrierefreie-Informationstechnik-Verordnung Nordrhein-Westfalen (BITVNRW). Website Diese Erkl\u00e4rung zur Barrierefreiheit gilt f\u00fcr die [&hellip;]\" \/>\n<meta property=\"og:url\" content=\"https:\/\/lbh2.de\/de\/erklaerung-zur-barrierefreiheit\/\" \/>\n<meta property=\"og:site_name\" content=\"LBH\u00b2 | Ley Beyel Hoff Hellmann Steuerberater PartmbB\" \/>\n<meta property=\"article:modified_time\" content=\"2025-05-12T10:13:58+00:00\" \/>\n<meta property=\"og:image\" content=\"https:\/\/lbh2.de\/wp-content\/uploads\/lbh2-steuerberater_Header-Images-ohne-menschen.jpg\" \/>\n\t<meta property=\"og:image:width\" content=\"1920\" \/>\n\t<meta property=\"og:image:height\" content=\"1055\" \/>\n\t<meta property=\"og:image:type\" content=\"image\/jpeg\" \/>\n<meta name=\"twitter:card\" content=\"summary_large_image\" \/>\n<meta name=\"twitter:label1\" content=\"Gesch\u00e4tzte Lesezeit\" \/>\n\t<meta name=\"twitter:data1\" content=\"3\u00a0Minuten\" \/>\n<script type=\"application\/ld+json\" class=\"yoast-schema-graph\">{\"@context\":\"https:\\\/\\\/schema.org\",\"@graph\":[{\"@type\":\"WebPage\",\"@id\":\"https:\\\/\\\/lbh2.de\\\/erklaerung-zur-barrierefreiheit\\\/\",\"url\":\"https:\\\/\\\/lbh2.de\\\/erklaerung-zur-barrierefreiheit\\\/\",\"name\":\"Erkl\u00e4rung zur Barrierefreiheit - LBH\u00b2 | Ley Beyel Hoff Hellmann Steuerberater PartmbB\",\"isPartOf\":{\"@id\":\"https:\\\/\\\/lbh2.de\\\/#website\"},\"primaryImageOfPage\":{\"@id\":\"https:\\\/\\\/lbh2.de\\\/erklaerung-zur-barrierefreiheit\\\/#primaryimage\"},\"image\":{\"@id\":\"https:\\\/\\\/lbh2.de\\\/erklaerung-zur-barrierefreiheit\\\/#primaryimage\"},\"thumbnailUrl\":\"https:\\\/\\\/lbh2.de\\\/wp-content\\\/uploads\\\/lbh2-steuerberater_Header-Images-ohne-menschen.jpg\",\"datePublished\":\"2025-05-07T09:10:14+00:00\",\"dateModified\":\"2025-05-12T10:13:58+00:00\",\"breadcrumb\":{\"@id\":\"https:\\\/\\\/lbh2.de\\\/erklaerung-zur-barrierefreiheit\\\/#breadcrumb\"},\"inLanguage\":\"de\",\"potentialAction\":[{\"@type\":\"ReadAction\",\"target\":[\"https:\\\/\\\/lbh2.de\\\/erklaerung-zur-barrierefreiheit\\\/\"]}]},{\"@type\":\"ImageObject\",\"inLanguage\":\"de\",\"@id\":\"https:\\\/\\\/lbh2.de\\\/erklaerung-zur-barrierefreiheit\\\/#primaryimage\",\"url\":\"https:\\\/\\\/lbh2.de\\\/wp-content\\\/uploads\\\/lbh2-steuerberater_Header-Images-ohne-menschen.jpg\",\"contentUrl\":\"https:\\\/\\\/lbh2.de\\\/wp-content\\\/uploads\\\/lbh2-steuerberater_Header-Images-ohne-menschen.jpg\",\"width\":1920,\"height\":1055,\"caption\":\"Vier unterschiedlich hohe Rollups mit dem LBH\u00b2-Logo auf wei\u00dfem Hintergrund.\"},{\"@type\":\"BreadcrumbList\",\"@id\":\"https:\\\/\\\/lbh2.de\\\/erklaerung-zur-barrierefreiheit\\\/#breadcrumb\",\"itemListElement\":[{\"@type\":\"ListItem\",\"position\":1,\"name\":\"Startseite\",\"item\":\"https:\\\/\\\/lbh2.de\\\/\"},{\"@type\":\"ListItem\",\"position\":2,\"name\":\"Erkl\u00e4rung zur Barrierefreiheit\"}]},{\"@type\":\"WebSite\",\"@id\":\"https:\\\/\\\/lbh2.de\\\/#website\",\"url\":\"https:\\\/\\\/lbh2.de\\\/\",\"name\":\"LBH\u00b2 | Ley Beyel Hoff Hellmann Steuerberater PartmbB\",\"description\":\"LBH\u00b2 - Die Formel f\u00fcr Ihre erfolgreiche Zukunft\",\"publisher\":{\"@id\":\"https:\\\/\\\/lbh2.de\\\/#organization\"},\"alternateName\":\"LBH\u00b2 Steuerberatung\",\"potentialAction\":[{\"@type\":\"SearchAction\",\"target\":{\"@type\":\"EntryPoint\",\"urlTemplate\":\"https:\\\/\\\/lbh2.de\\\/?s={search_term_string}\"},\"query-input\":{\"@type\":\"PropertyValueSpecification\",\"valueRequired\":true,\"valueName\":\"search_term_string\"}}],\"inLanguage\":\"de\"},{\"@type\":\"Organization\",\"@id\":\"https:\\\/\\\/lbh2.de\\\/#organization\",\"name\":\"Ley Beyel Hoff Hellmann Steuerberater PartmbB\",\"alternateName\":\"LBH\u00b2 | Ley Beyel Hoff Hellmann Steuerberater PartmbB\",\"url\":\"https:\\\/\\\/lbh2.de\\\/\",\"logo\":{\"@type\":\"ImageObject\",\"inLanguage\":\"de\",\"@id\":\"https:\\\/\\\/lbh2.de\\\/#\\\/schema\\\/logo\\\/image\\\/\",\"url\":\"https:\\\/\\\/lbh2.de\\\/wp-content\\\/uploads\\\/2024\\\/02\\\/logo_lbh2_ohne-claim.png\",\"contentUrl\":\"https:\\\/\\\/lbh2.de\\\/wp-content\\\/uploads\\\/2024\\\/02\\\/logo_lbh2_ohne-claim.png\",\"width\":1000,\"height\":524,\"caption\":\"Ley Beyel Hoff Hellmann Steuerberater PartmbB\"},\"image\":{\"@id\":\"https:\\\/\\\/lbh2.de\\\/#\\\/schema\\\/logo\\\/image\\\/\"}}]}<\/script>\n<!-- \/ Yoast SEO plugin. -->","yoast_head_json":{"title":"Erkl\u00e4rung zur Barrierefreiheit - LBH\u00b2 | Ley Beyel Hoff Hellmann Steuerberater PartmbB","robots":{"index":"index","follow":"follow","max-snippet":"max-snippet:-1","max-image-preview":"max-image-preview:large","max-video-preview":"max-video-preview:-1"},"canonical":"https:\/\/lbh2.de\/de\/erklaerung-zur-barrierefreiheit\/","og_locale":"de_DE","og_type":"article","og_title":"Erkl\u00e4rung zur Barrierefreiheit - LBH\u00b2 | Ley Beyel Hoff Hellmann Steuerberater PartmbB","og_description":"Wir (Ley Beyel Hoff Hellmann Steuerberater PartmbB) als Websitebetreiber sind bem\u00fcht, die Website in Einklang mit den einschl\u00e4gigen Vorschriften zur Barrierefreiheit zu gestalten. F\u00fcr uns gelten folgende Rechtsvorschriften: Gesetz des Landes Nordrhein-Westfalen zur Gleichstellung von Menschen mit Behinderung (Behindertengleichstellungsgesetz Nordrhein-Westfalen &#8211; BGG NRW) und Barrierefreie-Informationstechnik-Verordnung Nordrhein-Westfalen (BITVNRW). Website Diese Erkl\u00e4rung zur Barrierefreiheit gilt f\u00fcr die [&hellip;]","og_url":"https:\/\/lbh2.de\/de\/erklaerung-zur-barrierefreiheit\/","og_site_name":"LBH\u00b2 | Ley Beyel Hoff Hellmann Steuerberater PartmbB","article_modified_time":"2025-05-12T10:13:58+00:00","og_image":[{"width":1920,"height":1055,"url":"https:\/\/lbh2.de\/wp-content\/uploads\/lbh2-steuerberater_Header-Images-ohne-menschen.jpg","type":"image\/jpeg"}],"twitter_card":"summary_large_image","twitter_misc":{"Gesch\u00e4tzte Lesezeit":"3\u00a0Minuten"},"schema":{"@context":"https:\/\/schema.org","@graph":[{"@type":"WebPage","@id":"https:\/\/lbh2.de\/erklaerung-zur-barrierefreiheit\/","url":"https:\/\/lbh2.de\/erklaerung-zur-barrierefreiheit\/","name":"Erkl\u00e4rung zur Barrierefreiheit - LBH\u00b2 | Ley Beyel Hoff Hellmann Steuerberater PartmbB","isPartOf":{"@id":"https:\/\/lbh2.de\/#website"},"primaryImageOfPage":{"@id":"https:\/\/lbh2.de\/erklaerung-zur-barrierefreiheit\/#primaryimage"},"image":{"@id":"https:\/\/lbh2.de\/erklaerung-zur-barrierefreiheit\/#primaryimage"},"thumbnailUrl":"https:\/\/lbh2.de\/wp-content\/uploads\/lbh2-steuerberater_Header-Images-ohne-menschen.jpg","datePublished":"2025-05-07T09:10:14+00:00","dateModified":"2025-05-12T10:13:58+00:00","breadcrumb":{"@id":"https:\/\/lbh2.de\/erklaerung-zur-barrierefreiheit\/#breadcrumb"},"inLanguage":"de","potentialAction":[{"@type":"ReadAction","target":["https:\/\/lbh2.de\/erklaerung-zur-barrierefreiheit\/"]}]},{"@type":"ImageObject","inLanguage":"de","@id":"https:\/\/lbh2.de\/erklaerung-zur-barrierefreiheit\/#primaryimage","url":"https:\/\/lbh2.de\/wp-content\/uploads\/lbh2-steuerberater_Header-Images-ohne-menschen.jpg","contentUrl":"https:\/\/lbh2.de\/wp-content\/uploads\/lbh2-steuerberater_Header-Images-ohne-menschen.jpg","width":1920,"height":1055,"caption":"Vier unterschiedlich hohe Rollups mit dem LBH\u00b2-Logo auf wei\u00dfem Hintergrund."},{"@type":"BreadcrumbList","@id":"https:\/\/lbh2.de\/erklaerung-zur-barrierefreiheit\/#breadcrumb","itemListElement":[{"@type":"ListItem","position":1,"name":"Startseite","item":"https:\/\/lbh2.de\/"},{"@type":"ListItem","position":2,"name":"Erkl\u00e4rung zur Barrierefreiheit"}]},{"@type":"WebSite","@id":"https:\/\/lbh2.de\/#website","url":"https:\/\/lbh2.de\/","name":"LBH\u00b2 | Ley Beyel Hoff Hellmann Steuerberater PartmbB","description":"LBH\u00b2 - Die Formel f\u00fcr Ihre erfolgreiche Zukunft","publisher":{"@id":"https:\/\/lbh2.de\/#organization"},"alternateName":"LBH\u00b2 Steuerberatung","potentialAction":[{"@type":"SearchAction","target":{"@type":"EntryPoint","urlTemplate":"https:\/\/lbh2.de\/?s={search_term_string}"},"query-input":{"@type":"PropertyValueSpecification","valueRequired":true,"valueName":"search_term_string"}}],"inLanguage":"de"},{"@type":"Organization","@id":"https:\/\/lbh2.de\/#organization","name":"Ley Beyel Hoff Hellmann Steuerberater PartmbB","alternateName":"LBH\u00b2 | Ley Beyel Hoff Hellmann Steuerberater PartmbB","url":"https:\/\/lbh2.de\/","logo":{"@type":"ImageObject","inLanguage":"de","@id":"https:\/\/lbh2.de\/#\/schema\/logo\/image\/","url":"https:\/\/lbh2.de\/wp-content\/uploads\/2024\/02\/logo_lbh2_ohne-claim.png","contentUrl":"https:\/\/lbh2.de\/wp-content\/uploads\/2024\/02\/logo_lbh2_ohne-claim.png","width":1000,"height":524,"caption":"Ley Beyel Hoff Hellmann Steuerberater PartmbB"},"image":{"@id":"https:\/\/lbh2.de\/#\/schema\/logo\/image\/"}}]}},"_links":{"self":[{"href":"https:\/\/lbh2.de\/de\/wp-json\/wp\/v2\/pages\/2630","targetHints":{"allow":["GET"]}}],"collection":[{"href":"https:\/\/lbh2.de\/de\/wp-json\/wp\/v2\/pages"}],"about":[{"href":"https:\/\/lbh2.de\/de\/wp-json\/wp\/v2\/types\/page"}],"author":[{"embeddable":true,"href":"https:\/\/lbh2.de\/de\/wp-json\/wp\/v2\/users\/1"}],"replies":[{"embeddable":true,"href":"https:\/\/lbh2.de\/de\/wp-json\/wp\/v2\/comments?post=2630"}],"version-history":[{"count":10,"href":"https:\/\/lbh2.de\/de\/wp-json\/wp\/v2\/pages\/2630\/revisions"}],"predecessor-version":[{"id":2662,"href":"https:\/\/lbh2.de\/de\/wp-json\/wp\/v2\/pages\/2630\/revisions\/2662"}],"wp:featuredmedia":[{"embeddable":true,"href":"https:\/\/lbh2.de\/de\/wp-json\/wp\/v2\/media\/1420"}],"wp:attachment":[{"href":"https:\/\/lbh2.de\/de\/wp-json\/wp\/v2\/media?parent=2630"}],"curies":[{"name":"wp","href":"https:\/\/api.w.org\/{rel}","templated":true}]}}