{"id":2982,"date":"2026-04-21T12:53:08","date_gmt":"2026-04-21T10:53:08","guid":{"rendered":"https:\/\/lbh2.de\/?page_id=2982"},"modified":"2026-04-21T13:10:49","modified_gmt":"2026-04-21T11:10:49","slug":"kanzlei-bodenbenner","status":"publish","type":"page","link":"https:\/\/lbh2.de\/de\/kanzlei-bodenbenner\/","title":{"rendered":"Kanzlei Bodenbenner"},"content":{"rendered":"<p><img fetchpriority=\"high\" decoding=\"async\" class=\"size-medium wp-image-2988 alignright\" src=\"https:\/\/lbh2.de\/wp-content\/uploads\/ralph-bodenbenner_steuerberatung-viersen-275x300.jpg\" alt=\"\" width=\"275\" height=\"300\" srcset=\"https:\/\/lbh2.de\/wp-content\/uploads\/ralph-bodenbenner_steuerberatung-viersen-275x300.jpg 275w, https:\/\/lbh2.de\/wp-content\/uploads\/ralph-bodenbenner_steuerberatung-viersen-11x12.jpg 11w, https:\/\/lbh2.de\/wp-content\/uploads\/ralph-bodenbenner_steuerberatung-viersen.jpg 661w\" sizes=\"(max-width: 275px) 100vw, 275px\" \/><img decoding=\"async\" class=\"size-full wp-image-2985 alignright\" src=\"https:\/\/lbh2.de\/wp-content\/uploads\/logo-1.png\" alt=\"\" width=\"155\" height=\"57\" srcset=\"https:\/\/lbh2.de\/wp-content\/uploads\/logo-1.png 155w, https:\/\/lbh2.de\/wp-content\/uploads\/logo-1-18x7.png 18w\" sizes=\"(max-width: 155px) 100vw, 155px\" \/><\/p>\n<p>&nbsp;<\/p>\n<p style=\"font-weight: 400;\"><strong>Herr Steuerberater Ralph Bodenbenner ist am 02.02.2026 unerwartet verstorben.<\/strong><\/p>\n<p style=\"font-weight: 400;\">Mein Name ist Lucas Hoff. Ich bin Steuerberater sowie der Neffe von Herrn Bodenbenner. Auf Wunsch der Erben habe ich die Aufgabe \u00fcbernommen, die Kanzlei in dieser besonderen Situation zu begleiten und die Mandatsbearbeitung geordnet und verantwortungsvoll zu unterst\u00fctzen.<\/p>\n<p>Mein vorrangiges Ziel ist es, in dieser \u00dcbergangsphase f\u00fcr Stabilit\u00e4t und Verl\u00e4sslichkeit zu sorgen und gemeinsam mit dem bestehenden Kanzleiteam darauf zu achten, dass laufende Fristen eingehalten werden.<\/p>\n<p style=\"font-weight: 400;\">Alle Mitarbeiterinnen und Mitarbeiter der Kanzlei stehen Ihnen weiterhin wie gewohnt als vertraute Ansprechpartner zur Verf\u00fcgung und sind unter den bekannten Kontaktdaten erreichbar.<\/p>\n<p>Ich versuche Ihre Anfrage gemeinsam mit dem Team zeitnah zu bearbeiten. Aufgrund der aktuellen Situation kann es jedoch vorkommen, dass nicht alle Anliegen unmittelbar bearbeitet werden k\u00f6nnen. Hierf\u00fcr bitte ich um Verst\u00e4ndnis.<\/p>\n<p style=\"font-weight: 400;\"><strong>Vielen Dank f\u00fcr Ihr Verst\u00e4ndnis.<\/strong><\/p>\n<p style=\"font-weight: 400;\">Mit freundlichen Gr\u00fc\u00dfen<\/p>\n<p style=\"font-weight: 400;\">Lucas Hoff<br \/>\nSteuerberater<br \/>\nPraxisabwickler gem. \u00a7 70 StBerG<br \/>\nf\u00fcr die Kanzlei Bodenbenner<\/p>\n","protected":false},"excerpt":{"rendered":"<p>&nbsp; Herr Steuerberater Ralph Bodenbenner ist am 02.02.2026 unerwartet verstorben. Mein Name ist Lucas Hoff. Ich bin Steuerberater sowie der Neffe von Herrn Bodenbenner. Auf Wunsch der Erben habe ich die Aufgabe \u00fcbernommen, die Kanzlei in dieser besonderen Situation zu begleiten und die Mandatsbearbeitung geordnet und verantwortungsvoll zu unterst\u00fctzen. Mein vorrangiges Ziel ist es, in [&hellip;]<\/p>\n","protected":false},"author":1,"featured_media":0,"parent":0,"menu_order":0,"comment_status":"closed","ping_status":"closed","template":"","meta":{"footnotes":""},"class_list":["post-2982","page","type-page","status-publish","hentry"],"yoast_head":"<!-- This site is optimized with the Yoast SEO plugin v27.5 - https:\/\/yoast.com\/product\/yoast-seo-wordpress\/ -->\n<title>Kanzlei Bodenbenner - LBH\u00b2 | Ley Beyel Hoff Hellmann Steuerberater PartmbB<\/title>\n<meta name=\"robots\" content=\"index, follow, max-snippet:-1, max-image-preview:large, max-video-preview:-1\" \/>\n<link rel=\"canonical\" href=\"https:\/\/lbh2.de\/de\/kanzlei-bodenbenner\/\" \/>\n<meta property=\"og:locale\" content=\"de_DE\" \/>\n<meta property=\"og:type\" content=\"article\" \/>\n<meta property=\"og:title\" content=\"Kanzlei Bodenbenner - LBH\u00b2 | Ley Beyel Hoff Hellmann Steuerberater PartmbB\" \/>\n<meta property=\"og:description\" content=\"&nbsp; Herr Steuerberater Ralph Bodenbenner ist am 02.02.2026 unerwartet verstorben. Mein Name ist Lucas Hoff. Ich bin Steuerberater sowie der Neffe von Herrn Bodenbenner. Auf Wunsch der Erben habe ich die Aufgabe \u00fcbernommen, die Kanzlei in dieser besonderen Situation zu begleiten und die Mandatsbearbeitung geordnet und verantwortungsvoll zu unterst\u00fctzen. Mein vorrangiges Ziel ist es, in [&hellip;]\" \/>\n<meta property=\"og:url\" content=\"https:\/\/lbh2.de\/de\/kanzlei-bodenbenner\/\" \/>\n<meta property=\"og:site_name\" content=\"LBH\u00b2 | Ley Beyel Hoff Hellmann Steuerberater PartmbB\" \/>\n<meta property=\"article:publisher\" content=\"https:\/\/www.facebook.com\/profile.php?id=61556716507302\" \/>\n<meta property=\"article:modified_time\" content=\"2026-04-21T11:10:49+00:00\" \/>\n<meta property=\"og:image\" content=\"https:\/\/lbh2.de\/wp-content\/uploads\/ralph-bodenbenner_steuerberatung-viersen.jpg\" \/>\n\t<meta property=\"og:image:width\" content=\"661\" \/>\n\t<meta property=\"og:image:height\" content=\"720\" \/>\n\t<meta property=\"og:image:type\" content=\"image\/jpeg\" \/>\n<meta name=\"twitter:card\" content=\"summary_large_image\" \/>\n<meta name=\"twitter:label1\" content=\"Gesch\u00e4tzte Lesezeit\" \/>\n\t<meta name=\"twitter:data1\" content=\"2\u00a0Minuten\" \/>\n<script type=\"application\/ld+json\" class=\"yoast-schema-graph\">{\"@context\":\"https:\\\/\\\/schema.org\",\"@graph\":[{\"@type\":\"WebPage\",\"@id\":\"https:\\\/\\\/lbh2.de\\\/kanzlei-bodenbenner\\\/\",\"url\":\"https:\\\/\\\/lbh2.de\\\/kanzlei-bodenbenner\\\/\",\"name\":\"Kanzlei Bodenbenner - LBH\u00b2 | Ley Beyel Hoff Hellmann Steuerberater PartmbB\",\"isPartOf\":{\"@id\":\"https:\\\/\\\/lbh2.de\\\/#website\"},\"primaryImageOfPage\":{\"@id\":\"https:\\\/\\\/lbh2.de\\\/kanzlei-bodenbenner\\\/#primaryimage\"},\"image\":{\"@id\":\"https:\\\/\\\/lbh2.de\\\/kanzlei-bodenbenner\\\/#primaryimage\"},\"thumbnailUrl\":\"https:\\\/\\\/lbh2.de\\\/wp-content\\\/uploads\\\/ralph-bodenbenner_steuerberatung-viersen-275x300.jpg\",\"datePublished\":\"2026-04-21T10:53:08+00:00\",\"dateModified\":\"2026-04-21T11:10:49+00:00\",\"breadcrumb\":{\"@id\":\"https:\\\/\\\/lbh2.de\\\/kanzlei-bodenbenner\\\/#breadcrumb\"},\"inLanguage\":\"de\",\"potentialAction\":[{\"@type\":\"ReadAction\",\"target\":[\"https:\\\/\\\/lbh2.de\\\/kanzlei-bodenbenner\\\/\"]}]},{\"@type\":\"ImageObject\",\"inLanguage\":\"de\",\"@id\":\"https:\\\/\\\/lbh2.de\\\/kanzlei-bodenbenner\\\/#primaryimage\",\"url\":\"https:\\\/\\\/lbh2.de\\\/wp-content\\\/uploads\\\/ralph-bodenbenner_steuerberatung-viersen-275x300.jpg\",\"contentUrl\":\"https:\\\/\\\/lbh2.de\\\/wp-content\\\/uploads\\\/ralph-bodenbenner_steuerberatung-viersen-275x300.jpg\"},{\"@type\":\"BreadcrumbList\",\"@id\":\"https:\\\/\\\/lbh2.de\\\/kanzlei-bodenbenner\\\/#breadcrumb\",\"itemListElement\":[{\"@type\":\"ListItem\",\"position\":1,\"name\":\"Startseite\",\"item\":\"https:\\\/\\\/lbh2.de\\\/\"},{\"@type\":\"ListItem\",\"position\":2,\"name\":\"Kanzlei Bodenbenner\"}]},{\"@type\":\"WebSite\",\"@id\":\"https:\\\/\\\/lbh2.de\\\/#website\",\"url\":\"https:\\\/\\\/lbh2.de\\\/\",\"name\":\"LBH\u00b2 | Ley Beyel Hoff Hellmann Steuerberater PartmbB\",\"description\":\"LBH\u00b2 - Die Formel f\u00fcr Ihre erfolgreiche Zukunft\",\"publisher\":{\"@id\":\"https:\\\/\\\/lbh2.de\\\/#organization\"},\"alternateName\":\"LBH\u00b2 Steuerberatung\",\"potentialAction\":[{\"@type\":\"SearchAction\",\"target\":{\"@type\":\"EntryPoint\",\"urlTemplate\":\"https:\\\/\\\/lbh2.de\\\/?s={search_term_string}\"},\"query-input\":{\"@type\":\"PropertyValueSpecification\",\"valueRequired\":true,\"valueName\":\"search_term_string\"}}],\"inLanguage\":\"de\"},{\"@type\":\"Organization\",\"@id\":\"https:\\\/\\\/lbh2.de\\\/#organization\",\"name\":\"Ley Beyel Hoff Hellmann Steuerberater PartmbB\",\"alternateName\":\"LBH\u00b2 | Ley Beyel Hoff Hellmann Steuerberater PartmbB\",\"url\":\"https:\\\/\\\/lbh2.de\\\/\",\"logo\":{\"@type\":\"ImageObject\",\"inLanguage\":\"de\",\"@id\":\"https:\\\/\\\/lbh2.de\\\/#\\\/schema\\\/logo\\\/image\\\/\",\"url\":\"https:\\\/\\\/lbh2.de\\\/wp-content\\\/uploads\\\/2024\\\/02\\\/logo_lbh2_ohne-claim.png\",\"contentUrl\":\"https:\\\/\\\/lbh2.de\\\/wp-content\\\/uploads\\\/2024\\\/02\\\/logo_lbh2_ohne-claim.png\",\"width\":1000,\"height\":524,\"caption\":\"Ley Beyel Hoff Hellmann Steuerberater PartmbB\"},\"image\":{\"@id\":\"https:\\\/\\\/lbh2.de\\\/#\\\/schema\\\/logo\\\/image\\\/\"},\"sameAs\":[\"https:\\\/\\\/www.facebook.com\\\/profile.php?id=61556716507302\",\"https:\\\/\\\/www.instagram.com\\\/lbh2_stb\\\/\",\"https:\\\/\\\/www.linkedin.com\\\/company\\\/lbh2-steuerberater\",\"https:\\\/\\\/www.youtube.com\\\/@LBH2Steuerberater\"]}]}<\/script>\n<!-- \/ Yoast SEO plugin. -->","yoast_head_json":{"title":"Kanzlei Bodenbenner - LBH\u00b2 | Ley Beyel Hoff Hellmann Steuerberater PartmbB","robots":{"index":"index","follow":"follow","max-snippet":"max-snippet:-1","max-image-preview":"max-image-preview:large","max-video-preview":"max-video-preview:-1"},"canonical":"https:\/\/lbh2.de\/de\/kanzlei-bodenbenner\/","og_locale":"de_DE","og_type":"article","og_title":"Kanzlei Bodenbenner - LBH\u00b2 | Ley Beyel Hoff Hellmann Steuerberater PartmbB","og_description":"&nbsp; Herr Steuerberater Ralph Bodenbenner ist am 02.02.2026 unerwartet verstorben. Mein Name ist Lucas Hoff. Ich bin Steuerberater sowie der Neffe von Herrn Bodenbenner. Auf Wunsch der Erben habe ich die Aufgabe \u00fcbernommen, die Kanzlei in dieser besonderen Situation zu begleiten und die Mandatsbearbeitung geordnet und verantwortungsvoll zu unterst\u00fctzen. Mein vorrangiges Ziel ist es, in [&hellip;]","og_url":"https:\/\/lbh2.de\/de\/kanzlei-bodenbenner\/","og_site_name":"LBH\u00b2 | Ley Beyel Hoff Hellmann Steuerberater PartmbB","article_publisher":"https:\/\/www.facebook.com\/profile.php?id=61556716507302","article_modified_time":"2026-04-21T11:10:49+00:00","og_image":[{"width":661,"height":720,"url":"https:\/\/lbh2.de\/wp-content\/uploads\/ralph-bodenbenner_steuerberatung-viersen.jpg","type":"image\/jpeg"}],"twitter_card":"summary_large_image","twitter_misc":{"Gesch\u00e4tzte Lesezeit":"2\u00a0Minuten"},"schema":{"@context":"https:\/\/schema.org","@graph":[{"@type":"WebPage","@id":"https:\/\/lbh2.de\/kanzlei-bodenbenner\/","url":"https:\/\/lbh2.de\/kanzlei-bodenbenner\/","name":"Kanzlei Bodenbenner - LBH\u00b2 | Ley Beyel Hoff Hellmann Steuerberater PartmbB","isPartOf":{"@id":"https:\/\/lbh2.de\/#website"},"primaryImageOfPage":{"@id":"https:\/\/lbh2.de\/kanzlei-bodenbenner\/#primaryimage"},"image":{"@id":"https:\/\/lbh2.de\/kanzlei-bodenbenner\/#primaryimage"},"thumbnailUrl":"https:\/\/lbh2.de\/wp-content\/uploads\/ralph-bodenbenner_steuerberatung-viersen-275x300.jpg","datePublished":"2026-04-21T10:53:08+00:00","dateModified":"2026-04-21T11:10:49+00:00","breadcrumb":{"@id":"https:\/\/lbh2.de\/kanzlei-bodenbenner\/#breadcrumb"},"inLanguage":"de","potentialAction":[{"@type":"ReadAction","target":["https:\/\/lbh2.de\/kanzlei-bodenbenner\/"]}]},{"@type":"ImageObject","inLanguage":"de","@id":"https:\/\/lbh2.de\/kanzlei-bodenbenner\/#primaryimage","url":"https:\/\/lbh2.de\/wp-content\/uploads\/ralph-bodenbenner_steuerberatung-viersen-275x300.jpg","contentUrl":"https:\/\/lbh2.de\/wp-content\/uploads\/ralph-bodenbenner_steuerberatung-viersen-275x300.jpg"},{"@type":"BreadcrumbList","@id":"https:\/\/lbh2.de\/kanzlei-bodenbenner\/#breadcrumb","itemListElement":[{"@type":"ListItem","position":1,"name":"Startseite","item":"https:\/\/lbh2.de\/"},{"@type":"ListItem","position":2,"name":"Kanzlei Bodenbenner"}]},{"@type":"WebSite","@id":"https:\/\/lbh2.de\/#website","url":"https:\/\/lbh2.de\/","name":"LBH\u00b2 | Ley Beyel Hoff Hellmann Steuerberater PartmbB","description":"LBH\u00b2 - Die Formel f\u00fcr Ihre erfolgreiche Zukunft","publisher":{"@id":"https:\/\/lbh2.de\/#organization"},"alternateName":"LBH\u00b2 Steuerberatung","potentialAction":[{"@type":"SearchAction","target":{"@type":"EntryPoint","urlTemplate":"https:\/\/lbh2.de\/?s={search_term_string}"},"query-input":{"@type":"PropertyValueSpecification","valueRequired":true,"valueName":"search_term_string"}}],"inLanguage":"de"},{"@type":"Organization","@id":"https:\/\/lbh2.de\/#organization","name":"Ley Beyel Hoff Hellmann Steuerberater PartmbB","alternateName":"LBH\u00b2 | Ley Beyel Hoff Hellmann Steuerberater PartmbB","url":"https:\/\/lbh2.de\/","logo":{"@type":"ImageObject","inLanguage":"de","@id":"https:\/\/lbh2.de\/#\/schema\/logo\/image\/","url":"https:\/\/lbh2.de\/wp-content\/uploads\/2024\/02\/logo_lbh2_ohne-claim.png","contentUrl":"https:\/\/lbh2.de\/wp-content\/uploads\/2024\/02\/logo_lbh2_ohne-claim.png","width":1000,"height":524,"caption":"Ley Beyel Hoff Hellmann Steuerberater PartmbB"},"image":{"@id":"https:\/\/lbh2.de\/#\/schema\/logo\/image\/"},"sameAs":["https:\/\/www.facebook.com\/profile.php?id=61556716507302","https:\/\/www.instagram.com\/lbh2_stb\/","https:\/\/www.linkedin.com\/company\/lbh2-steuerberater","https:\/\/www.youtube.com\/@LBH2Steuerberater"]}]}},"_links":{"self":[{"href":"https:\/\/lbh2.de\/de\/wp-json\/wp\/v2\/pages\/2982","targetHints":{"allow":["GET"]}}],"collection":[{"href":"https:\/\/lbh2.de\/de\/wp-json\/wp\/v2\/pages"}],"about":[{"href":"https:\/\/lbh2.de\/de\/wp-json\/wp\/v2\/types\/page"}],"author":[{"embeddable":true,"href":"https:\/\/lbh2.de\/de\/wp-json\/wp\/v2\/users\/1"}],"replies":[{"embeddable":true,"href":"https:\/\/lbh2.de\/de\/wp-json\/wp\/v2\/comments?post=2982"}],"version-history":[{"count":6,"href":"https:\/\/lbh2.de\/de\/wp-json\/wp\/v2\/pages\/2982\/revisions"}],"predecessor-version":[{"id":2990,"href":"https:\/\/lbh2.de\/de\/wp-json\/wp\/v2\/pages\/2982\/revisions\/2990"}],"wp:attachment":[{"href":"https:\/\/lbh2.de\/de\/wp-json\/wp\/v2\/media?parent=2982"}],"curies":[{"name":"wp","href":"https:\/\/api.w.org\/{rel}","templated":true}]}}