{"id":111,"date":"2024-02-05T08:39:12","date_gmt":"2024-02-05T07:39:12","guid":{"rendered":"https:\/\/lbh2.de\/ueber-uns\/"},"modified":"2025-02-04T15:50:32","modified_gmt":"2025-02-04T14:50:32","slug":"over-ons","status":"publish","type":"page","link":"https:\/\/lbh2.de\/nl\/ueber-uns\/","title":{"rendered":"Over ons"},"content":{"rendered":"<div data-elementor-type=\"wp-page\" data-elementor-id=\"111\" class=\"elementor elementor-111\" data-elementor-post-type=\"page\">\n\t\t\t\t\t\t<section class=\"elementor-section elementor-top-section elementor-element elementor-element-67a922f6 elementor-section-boxed elementor-section-height-default elementor-section-height-default\" data-id=\"67a922f6\" data-element_type=\"section\" data-e-type=\"section\" data-settings=\"{&quot;animation&quot;:&quot;none&quot;}\">\n\t\t\t\t\t\t<div class=\"elementor-container elementor-column-gap-default\">\n\t\t\t\t\t<div class=\"elementor-column elementor-col-100 elementor-top-column elementor-element elementor-element-8d2ca94\" data-id=\"8d2ca94\" data-element_type=\"column\" data-e-type=\"column\">\n\t\t\t<div class=\"elementor-widget-wrap elementor-element-populated\">\n\t\t\t\t\t\t<div class=\"elementor-element elementor-element-60575019 elementor-invisible elementor-widget elementor-widget-heading\" data-id=\"60575019\" data-element_type=\"widget\" data-e-type=\"widget\" data-settings=\"{&quot;_animation&quot;:&quot;fadeInUp&quot;}\" data-widget_type=\"heading.default\">\n\t\t\t\t<div class=\"elementor-widget-container\">\n\t\t\t\t\t<h2 class=\"elementor-heading-title elementor-size-default\">Met <font color=\"#00ACA9\">grote expertise<\/font> en frisse idee\u00ebn<\/h2>\t\t\t\t<\/div>\n\t\t\t\t<\/div>\n\t\t\t\t<div class=\"elementor-element elementor-element-7b077640 elementor-widget-divider--view-line elementor-invisible elementor-widget elementor-widget-divider\" data-id=\"7b077640\" data-element_type=\"widget\" data-e-type=\"widget\" data-settings=\"{&quot;_animation&quot;:&quot;fadeInUp&quot;}\" data-widget_type=\"divider.default\">\n\t\t\t\t<div class=\"elementor-widget-container\">\n\t\t\t\t\t\t\t<div class=\"elementor-divider\">\n\t\t\t<span class=\"elementor-divider-separator\">\n\t\t\t\t\t\t<\/span>\n\t\t<\/div>\n\t\t\t\t\t\t<\/div>\n\t\t\t\t<\/div>\n\t\t\t\t<div class=\"elementor-element elementor-element-6518f8ba elementor-invisible elementor-widget elementor-widget-text-editor\" data-id=\"6518f8ba\" data-element_type=\"widget\" data-e-type=\"widget\" data-settings=\"{&quot;_animation&quot;:&quot;fadeInUp&quot;}\" data-widget_type=\"text-editor.default\">\n\t\t\t\t<div class=\"elementor-widget-container\">\n\t\t\t\t\t\t\t\t\t<p>Onze naam LBH\u00b2 staat voor het partnerschap van belastingadviseurs met vele jaren ervaring <a href=\"https:\/\/lbh2.de\/nl\/lbh2-team\/christoph-ley\/\" target=\"_blank\" rel=\"noopener\"><b>Christoph Ley<\/b><\/a> en <a href=\"https:\/\/lbh2.de\/nl\/lbh2-team\/martin-beyel\/\" target=\"_blank\" rel=\"noopener\"><b>Martin Beyel<\/b><\/a> met de junior partners <a href=\"https:\/\/lbh2.de\/nl\/lbh2-team\/lucas-hoff\/\" target=\"_blank\" rel=\"noopener\"><strong>Lucas Hoff<\/strong><\/a> en <strong><a href=\"https:\/\/lbh2.de\/nl\/lbh2-team\/martin-hellmann\/\" target=\"_blank\" rel=\"noopener\">Martin Hellmann<\/a><\/strong>die in het voorjaar van 2024 hun krachten bundelden. <b>Ons advocatenkantoor combineert dus jarenlange ervaring en gedegen expertise met fris denken en de nieuwste technologie\u00ebn.<\/b> Deze innovatieve structuur is de sleutel tot het fiscale succes van onze klanten.<\/p>\t\t\t\t\t\t\t\t<\/div>\n\t\t\t\t<\/div>\n\t\t\t\t<div class=\"elementor-element elementor-element-45cd4922 elementor-invisible elementor-widget elementor-widget-heading\" data-id=\"45cd4922\" data-element_type=\"widget\" data-e-type=\"widget\" data-settings=\"{&quot;_animation&quot;:&quot;fadeInUp&quot;}\" data-widget_type=\"heading.default\">\n\t\t\t\t<div class=\"elementor-widget-container\">\n\t\t\t\t\t<h3 class=\"elementor-heading-title elementor-size-default\">Expertise op verschillende locaties<\/h3>\t\t\t\t<\/div>\n\t\t\t\t<\/div>\n\t\t\t\t<div class=\"elementor-element elementor-element-2385f1c0 elementor-invisible elementor-widget elementor-widget-text-editor\" data-id=\"2385f1c0\" data-element_type=\"widget\" data-e-type=\"widget\" data-settings=\"{&quot;_animation&quot;:&quot;fadeInUp&quot;}\" data-widget_type=\"text-editor.default\">\n\t\t\t\t<div class=\"elementor-widget-container\">\n\t\t\t\t\t\t\t\t\t<p>De competenties van onze<a href=\"https:\/\/lbh2.de\/nl\/over-ons\/team\/\" target=\"_blank\" rel=\"noopener\"><b> 30-koppig team in Grefrath en Kempen<\/b><\/a> Wij gebruiken onze expertise op alle locaties om oplossingen op maat te ontwikkelen. Dankzij deze brede positionering bieden we niet alleen de<b> Continu\u00efteit in counseling<\/b>die <b>Hoge toegankelijkheid<\/b> en een <b>Breed scala aan diensten<\/b> veilig. Het stelt ons ook in staat om de juiste antwoorden te vinden op complexe vragen. En dat <b>altijd klantgericht en gebaseerd op partnerschap.<\/b><\/p>\t\t\t\t\t\t\t\t<\/div>\n\t\t\t\t<\/div>\n\t\t\t\t<section class=\"elementor-section elementor-inner-section elementor-element elementor-element-352f94a5 elementor-section-boxed elementor-section-height-default elementor-section-height-default\" data-id=\"352f94a5\" data-element_type=\"section\" data-e-type=\"section\" data-settings=\"{&quot;animation&quot;:&quot;none&quot;}\">\n\t\t\t\t\t\t<div class=\"elementor-container elementor-column-gap-default\">\n\t\t\t\t\t<div class=\"elementor-column elementor-col-50 elementor-inner-column elementor-element elementor-element-d765418\" data-id=\"d765418\" data-element_type=\"column\" data-e-type=\"column\">\n\t\t\t<div class=\"elementor-widget-wrap elementor-element-populated\">\n\t\t\t\t\t\t<div class=\"elementor-element elementor-element-29f5f38 elementor-invisible elementor-widget elementor-widget-heading\" data-id=\"29f5f38\" data-element_type=\"widget\" data-e-type=\"widget\" data-settings=\"{&quot;_animation&quot;:&quot;fadeIn&quot;}\" data-widget_type=\"heading.default\">\n\t\t\t\t<div class=\"elementor-widget-container\">\n\t\t\t\t\t<h3 class=\"elementor-heading-title elementor-size-default\">Wij bieden een breed scala aan diensten<\/h3>\t\t\t\t<\/div>\n\t\t\t\t<\/div>\n\t\t\t\t<div class=\"elementor-element elementor-element-658c0e25 elementor-invisible elementor-widget elementor-widget-text-editor\" data-id=\"658c0e25\" data-element_type=\"widget\" data-e-type=\"widget\" data-settings=\"{&quot;_animation&quot;:&quot;fadeIn&quot;}\" data-widget_type=\"text-editor.default\">\n\t\t\t\t<div class=\"elementor-widget-container\">\n\t\t\t\t\t\t\t\t\t<p>Onze <b>Ligging op de linkeroever van de Nederrijn<\/b> is ook het ideale uitgangspunt voor grensoverschrijdende klantenondersteuning. <strong>Wij<\/strong> <b>ondersteunde zowel <a href=\"\/nl\/grensoverschrijdende-counseling\/\" target=\"_blank\" rel=\"noopener\">Nederlandse bedrijven<\/a><\/b>die een vestiging in Duitsland plannen, en omgekeerd <b>Duitse bedrijven<\/b>die actief willen worden in Nederland. Wij bieden hiervoor een breed scala aan diensten aan.<\/p>\t\t\t\t\t\t\t\t<\/div>\n\t\t\t\t<\/div>\n\t\t\t\t\t<\/div>\n\t\t<\/div>\n\t\t\t\t<div class=\"elementor-column elementor-col-50 elementor-inner-column elementor-element elementor-element-194a78f3 elementor-invisible\" data-id=\"194a78f3\" data-element_type=\"column\" data-e-type=\"column\" data-settings=\"{&quot;background_background&quot;:&quot;classic&quot;,&quot;animation&quot;:&quot;fadeInRight&quot;}\">\n\t\t\t<div class=\"elementor-widget-wrap elementor-element-populated\">\n\t\t\t\t\t\t<div class=\"elementor-element elementor-element-215f8438 elementor-widget elementor-widget-heading\" data-id=\"215f8438\" data-element_type=\"widget\" data-e-type=\"widget\" data-widget_type=\"heading.default\">\n\t\t\t\t<div class=\"elementor-widget-container\">\n\t\t\t\t\t<h5 class=\"elementor-heading-title elementor-size-default\">Een uittreksel van onze diensten:<\/h5>\t\t\t\t<\/div>\n\t\t\t\t<\/div>\n\t\t\t\t<div class=\"elementor-element elementor-element-1345b416 elementor-icon-list--layout-traditional elementor-list-item-link-full_width elementor-widget elementor-widget-icon-list\" data-id=\"1345b416\" data-element_type=\"widget\" data-e-type=\"widget\" data-widget_type=\"icon-list.default\">\n\t\t\t\t<div class=\"elementor-widget-container\">\n\t\t\t\t\t\t\t<ul class=\"elementor-icon-list-items\">\n\t\t\t\t\t\t\t<li class=\"elementor-icon-list-item\">\n\t\t\t\t\t\t\t\t\t\t\t<span class=\"elementor-icon-list-icon\">\n\t\t\t\t\t\t\t<i aria-hidden=\"true\" class=\"fas fa-check\"><\/i>\t\t\t\t\t\t<\/span>\n\t\t\t\t\t\t\t\t\t\t<span class=\"elementor-icon-list-text\">belastingadvies<\/span>\n\t\t\t\t\t\t\t\t\t<\/li>\n\t\t\t\t\t\t\t\t<li class=\"elementor-icon-list-item\">\n\t\t\t\t\t\t\t\t\t\t\t<span class=\"elementor-icon-list-icon\">\n\t\t\t\t\t\t\t<i aria-hidden=\"true\" class=\"fas fa-check\"><\/i>\t\t\t\t\t\t<\/span>\n\t\t\t\t\t\t\t\t\t\t<span class=\"elementor-icon-list-text\">Zakelijke belastingaangiften<\/span>\n\t\t\t\t\t\t\t\t\t<\/li>\n\t\t\t\t\t\t\t\t<li class=\"elementor-icon-list-item\">\n\t\t\t\t\t\t\t\t\t\t\t<span class=\"elementor-icon-list-icon\">\n\t\t\t\t\t\t\t<i aria-hidden=\"true\" class=\"fas fa-check\"><\/i>\t\t\t\t\t\t<\/span>\n\t\t\t\t\t\t\t\t\t\t<span class=\"elementor-icon-list-text\">particuliere belastingaangiften<\/span>\n\t\t\t\t\t\t\t\t\t<\/li>\n\t\t\t\t\t\t\t\t<li class=\"elementor-icon-list-item\">\n\t\t\t\t\t\t\t\t\t\t\t<span class=\"elementor-icon-list-icon\">\n\t\t\t\t\t\t\t<i aria-hidden=\"true\" class=\"fas fa-check\"><\/i>\t\t\t\t\t\t<\/span>\n\t\t\t\t\t\t\t\t\t\t<span class=\"elementor-icon-list-text\">Jaarrekeningen<\/span>\n\t\t\t\t\t\t\t\t\t<\/li>\n\t\t\t\t\t\t\t\t<li class=\"elementor-icon-list-item\">\n\t\t\t\t\t\t\t\t\t\t\t<span class=\"elementor-icon-list-icon\">\n\t\t\t\t\t\t\t<i aria-hidden=\"true\" class=\"fas fa-check\"><\/i>\t\t\t\t\t\t<\/span>\n\t\t\t\t\t\t\t\t\t\t<span class=\"elementor-icon-list-text\">Vrijwillige controles van jaarrekeningen<\/span>\n\t\t\t\t\t\t\t\t\t<\/li>\n\t\t\t\t\t\t<\/ul>\n\t\t\t\t\t\t<\/div>\n\t\t\t\t<\/div>\n\t\t\t\t<div class=\"elementor-element elementor-element-c3f0f77 elementor-align-left elementor-invisible elementor-widget elementor-widget-button\" data-id=\"c3f0f77\" data-element_type=\"widget\" data-e-type=\"widget\" data-settings=\"{&quot;_animation&quot;:&quot;fadeInUp&quot;,&quot;_animation_delay&quot;:750}\" data-widget_type=\"button.default\">\n\t\t\t\t<div class=\"elementor-widget-container\">\n\t\t\t\t\t\t\t\t\t<div class=\"elementor-button-wrapper\">\n\t\t\t\t\t<a class=\"elementor-button elementor-button-link elementor-size-sm\" href=\"https:\/\/lbh2.de\/nl\/diensten\/\">\n\t\t\t\t\t\t<span class=\"elementor-button-content-wrapper\">\n\t\t\t\t\t\t<span class=\"elementor-button-icon\">\n\t\t\t\t<i aria-hidden=\"true\" class=\"fas fa-long-arrow-alt-right\"><\/i>\t\t\t<\/span>\n\t\t\t\t\t\t\t\t\t<span class=\"elementor-button-text\">Al onze diensten<\/span>\n\t\t\t\t\t<\/span>\n\t\t\t\t\t<\/a>\n\t\t\t\t<\/div>\n\t\t\t\t\t\t\t\t<\/div>\n\t\t\t\t<\/div>\n\t\t\t\t\t<\/div>\n\t\t<\/div>\n\t\t\t\t\t<\/div>\n\t\t<\/section>\n\t\t\t\t\t<\/div>\n\t\t<\/div>\n\t\t\t\t\t<\/div>\n\t\t<\/section>\n\t\t\t\t<section class=\"elementor-section elementor-top-section elementor-element elementor-element-dd44da7 elementor-section-boxed elementor-section-height-default elementor-section-height-default elementor-invisible\" data-id=\"dd44da7\" data-element_type=\"section\" data-e-type=\"section\" data-settings=\"{&quot;animation&quot;:&quot;fadeInUp&quot;}\">\n\t\t\t\t\t\t<div class=\"elementor-container elementor-column-gap-default\">\n\t\t\t\t\t<div class=\"elementor-column elementor-col-100 elementor-top-column elementor-element elementor-element-e2ca3b3\" data-id=\"e2ca3b3\" data-element_type=\"column\" data-e-type=\"column\">\n\t\t\t<div class=\"elementor-widget-wrap elementor-element-populated\">\n\t\t\t\t\t\t<div class=\"elementor-element elementor-element-db1bd5c elementor-widget elementor-widget-template\" data-id=\"db1bd5c\" data-element_type=\"widget\" data-e-type=\"widget\" data-widget_type=\"template.default\">\n\t\t\t\t<div class=\"elementor-widget-container\">\n\t\t\t\t\t\t\t<div class=\"elementor-template\">\n\t\t\t\t\t<div data-elementor-type=\"section\" data-elementor-id=\"474\" class=\"elementor elementor-474\" data-elementor-post-type=\"elementor_library\">\n\t\t\t<div class=\"elementor-element elementor-element-ba2abc1 e-flex e-con-boxed e-con e-parent\" data-id=\"ba2abc1\" data-element_type=\"container\" data-e-type=\"container\">\n\t\t\t\t\t<div class=\"e-con-inner\">\n\t\t\t\t<div class=\"elementor-element elementor-element-66eda85 elementor-cta--layout-image-above elementor-cta--skin-classic elementor-animated-content elementor-bg-transform elementor-bg-transform-zoom-in elementor-invisible elementor-widget elementor-widget-call-to-action\" data-id=\"66eda85\" data-element_type=\"widget\" data-e-type=\"widget\" data-settings=\"{&quot;_animation&quot;:&quot;fadeInUp&quot;}\" data-widget_type=\"call-to-action.default\">\n\t\t\t\t<div class=\"elementor-widget-container\">\n\t\t\t\t\t\t\t<div class=\"elementor-cta\">\n\t\t\t\t\t\t\t<div class=\"elementor-cta__content\">\n\t\t\t\t\n\t\t\t\t\t\t\t\t\t<h2 class=\"elementor-cta__title elementor-cta__content-item elementor-content-item\">\n\t\t\t\t\t\tNeem contact met ons op\t\t\t\t\t<\/h2>\n\t\t\t\t\n\t\t\t\t\t\t\t\t\t<div class=\"elementor-cta__description elementor-cta__content-item elementor-content-item\">\n\t\t\t\t\t\tWilt u ons leren kennen of hebt u vragen over onze diensten?\t\t\t\t\t<\/div>\n\t\t\t\t\n\t\t\t\t\t\t\t\t\t<div class=\"elementor-cta__button-wrapper elementor-cta__content-item elementor-content-item\">\n\t\t\t\t\t<a class=\"elementor-cta__button elementor-button elementor-size-md\" href=\"\/nl\/neem-contact-op-met\/\" target=\"_blank\">\n\t\t\t\t\t\tNeem contact op\t\t\t\t\t<\/a>\n\t\t\t\t\t<\/div>\n\t\t\t\t\t\t\t<\/div>\n\t\t\t\t\t\t<\/div>\n\t\t\t\t\t\t<\/div>\n\t\t\t\t<\/div>\n\t\t\t\t\t<\/div>\n\t\t\t\t<\/div>\n\t\t\t\t<\/div>\n\t\t\t\t<\/div>\n\t\t\t\t\t\t<\/div>\n\t\t\t\t<\/div>\n\t\t\t\t\t<\/div>\n\t\t<\/div>\n\t\t\t\t\t<\/div>\n\t\t<\/section>\n\t\t\t\t<\/div>","protected":false},"excerpt":{"rendered":"<p>Mit gro\u00dfem Knowhow und frischen Ideen Unser Name LBH\u00b2 steht f\u00fcr die Partnerschaft der langj\u00e4hrig erfahrenen Steuerberater Christoph Ley und Martin Beyel mit den Juniorpartnern Lucas Hoff und Martin Hellmann, die sich im Fr\u00fchjahr 2024 zusammengeschlossen haben. Damit verbindet unsere Kanzlei langj\u00e4hrige Erfahrung und fundiertes Fachwissen mit frischem Denken und aktuellen Technologien. Diese innovative Struktur [&hellip;]<\/p>\n","protected":false},"author":1,"featured_media":2304,"parent":0,"menu_order":0,"comment_status":"closed","ping_status":"closed","template":"","meta":{"footnotes":""},"class_list":["post-111","page","type-page","status-publish","has-post-thumbnail","hentry"],"yoast_head":"<!-- This site is optimized with the Yoast SEO plugin v27.4 - https:\/\/yoast.com\/product\/yoast-seo-wordpress\/ -->\n<title>\u00dcber uns - LBH\u00b2 | Ley Beyel Hoff Hellmann Steuerberater PartmbB<\/title>\n<meta name=\"robots\" content=\"index, follow, max-snippet:-1, max-image-preview:large, max-video-preview:-1\" \/>\n<link rel=\"canonical\" href=\"https:\/\/lbh2.de\/nl\/over-ons\/\" \/>\n<meta property=\"og:locale\" content=\"nl_NL\" \/>\n<meta property=\"og:type\" content=\"article\" \/>\n<meta property=\"og:title\" content=\"\u00dcber uns - LBH\u00b2 | Ley Beyel Hoff Hellmann Steuerberater PartmbB\" \/>\n<meta property=\"og:description\" content=\"Mit gro\u00dfem Knowhow und frischen Ideen Unser Name LBH\u00b2 steht f\u00fcr die Partnerschaft der langj\u00e4hrig erfahrenen Steuerberater Christoph Ley und Martin Beyel mit den Juniorpartnern Lucas Hoff und Martin Hellmann, die sich im Fr\u00fchjahr 2024 zusammengeschlossen haben. Damit verbindet unsere Kanzlei langj\u00e4hrige Erfahrung und fundiertes Fachwissen mit frischem Denken und aktuellen Technologien. Diese innovative Struktur [&hellip;]\" \/>\n<meta property=\"og:url\" content=\"https:\/\/lbh2.de\/nl\/over-ons\/\" \/>\n<meta property=\"og:site_name\" content=\"LBH\u00b2 | Ley Beyel Hoff Hellmann Steuerberater PartmbB\" \/>\n<meta property=\"article:modified_time\" content=\"2025-02-04T14:50:32+00:00\" \/>\n<meta property=\"og:image\" content=\"https:\/\/lbh2.de\/wp-content\/uploads\/lbh2-steuerberater_header-images_gruppe_06.jpg\" \/>\n\t<meta property=\"og:image:width\" content=\"1920\" \/>\n\t<meta property=\"og:image:height\" content=\"1055\" \/>\n\t<meta property=\"og:image:type\" content=\"image\/jpeg\" \/>\n<meta name=\"twitter:card\" content=\"summary_large_image\" \/>\n<meta name=\"twitter:label1\" content=\"Verwachte leestijd\" \/>\n\t<meta name=\"twitter:data1\" content=\"2 minuten\" \/>\n<script type=\"application\/ld+json\" class=\"yoast-schema-graph\">{\"@context\":\"https:\\\/\\\/schema.org\",\"@graph\":[{\"@type\":\"WebPage\",\"@id\":\"https:\\\/\\\/lbh2.de\\\/ueber-uns\\\/\",\"url\":\"https:\\\/\\\/lbh2.de\\\/ueber-uns\\\/\",\"name\":\"\u00dcber uns - LBH\u00b2 | Ley Beyel Hoff Hellmann Steuerberater PartmbB\",\"isPartOf\":{\"@id\":\"https:\\\/\\\/lbh2.de\\\/#website\"},\"primaryImageOfPage\":{\"@id\":\"https:\\\/\\\/lbh2.de\\\/ueber-uns\\\/#primaryimage\"},\"image\":{\"@id\":\"https:\\\/\\\/lbh2.de\\\/ueber-uns\\\/#primaryimage\"},\"thumbnailUrl\":\"https:\\\/\\\/lbh2.de\\\/wp-content\\\/uploads\\\/lbh2-steuerberater_header-images_gruppe_06.jpg\",\"datePublished\":\"2024-02-05T07:39:12+00:00\",\"dateModified\":\"2025-02-04T14:50:32+00:00\",\"breadcrumb\":{\"@id\":\"https:\\\/\\\/lbh2.de\\\/ueber-uns\\\/#breadcrumb\"},\"inLanguage\":\"nl-NL\",\"potentialAction\":[{\"@type\":\"ReadAction\",\"target\":[\"https:\\\/\\\/lbh2.de\\\/ueber-uns\\\/\"]}]},{\"@type\":\"ImageObject\",\"inLanguage\":\"nl-NL\",\"@id\":\"https:\\\/\\\/lbh2.de\\\/ueber-uns\\\/#primaryimage\",\"url\":\"https:\\\/\\\/lbh2.de\\\/wp-content\\\/uploads\\\/lbh2-steuerberater_header-images_gruppe_06.jpg\",\"contentUrl\":\"https:\\\/\\\/lbh2.de\\\/wp-content\\\/uploads\\\/lbh2-steuerberater_header-images_gruppe_06.jpg\",\"width\":1920,\"height\":1055,\"caption\":\"Gruppe von vier Businesspersonen, l\u00e4chelnd neben dem markanten LBH2-Logo in Wei\u00df und T\u00fcrkis.\"},{\"@type\":\"BreadcrumbList\",\"@id\":\"https:\\\/\\\/lbh2.de\\\/ueber-uns\\\/#breadcrumb\",\"itemListElement\":[{\"@type\":\"ListItem\",\"position\":1,\"name\":\"Startseite\",\"item\":\"https:\\\/\\\/lbh2.de\\\/\"},{\"@type\":\"ListItem\",\"position\":2,\"name\":\"\u00dcber uns\"}]},{\"@type\":\"WebSite\",\"@id\":\"https:\\\/\\\/lbh2.de\\\/#website\",\"url\":\"https:\\\/\\\/lbh2.de\\\/\",\"name\":\"LBH\u00b2 | Ley Beyel Hoff Hellmann Steuerberater PartmbB\",\"description\":\"LBH\u00b2 - Die Formel f\u00fcr Ihre erfolgreiche Zukunft\",\"publisher\":{\"@id\":\"https:\\\/\\\/lbh2.de\\\/#organization\"},\"alternateName\":\"LBH\u00b2 Steuerberatung\",\"potentialAction\":[{\"@type\":\"SearchAction\",\"target\":{\"@type\":\"EntryPoint\",\"urlTemplate\":\"https:\\\/\\\/lbh2.de\\\/?s={search_term_string}\"},\"query-input\":{\"@type\":\"PropertyValueSpecification\",\"valueRequired\":true,\"valueName\":\"search_term_string\"}}],\"inLanguage\":\"nl-NL\"},{\"@type\":\"Organization\",\"@id\":\"https:\\\/\\\/lbh2.de\\\/#organization\",\"name\":\"Ley Beyel Hoff Hellmann Steuerberater PartmbB\",\"alternateName\":\"LBH\u00b2 | Ley Beyel Hoff Hellmann Steuerberater PartmbB\",\"url\":\"https:\\\/\\\/lbh2.de\\\/\",\"logo\":{\"@type\":\"ImageObject\",\"inLanguage\":\"nl-NL\",\"@id\":\"https:\\\/\\\/lbh2.de\\\/#\\\/schema\\\/logo\\\/image\\\/\",\"url\":\"https:\\\/\\\/lbh2.de\\\/wp-content\\\/uploads\\\/2024\\\/02\\\/logo_lbh2_ohne-claim.png\",\"contentUrl\":\"https:\\\/\\\/lbh2.de\\\/wp-content\\\/uploads\\\/2024\\\/02\\\/logo_lbh2_ohne-claim.png\",\"width\":1000,\"height\":524,\"caption\":\"Ley Beyel Hoff Hellmann Steuerberater PartmbB\"},\"image\":{\"@id\":\"https:\\\/\\\/lbh2.de\\\/#\\\/schema\\\/logo\\\/image\\\/\"}}]}<\/script>\n<!-- \/ Yoast SEO plugin. -->","yoast_head_json":{"title":"Over ons - LBH\u00b2 | Ley Beyel Hoff Hellmann Steuerberater PartmbB","robots":{"index":"index","follow":"follow","max-snippet":"max-snippet:-1","max-image-preview":"max-image-preview:large","max-video-preview":"max-video-preview:-1"},"canonical":"https:\/\/lbh2.de\/nl\/over-ons\/","og_locale":"nl_NL","og_type":"article","og_title":"\u00dcber uns - LBH\u00b2 | Ley Beyel Hoff Hellmann Steuerberater PartmbB","og_description":"Mit gro\u00dfem Knowhow und frischen Ideen Unser Name LBH\u00b2 steht f\u00fcr die Partnerschaft der langj\u00e4hrig erfahrenen Steuerberater Christoph Ley und Martin Beyel mit den Juniorpartnern Lucas Hoff und Martin Hellmann, die sich im Fr\u00fchjahr 2024 zusammengeschlossen haben. Damit verbindet unsere Kanzlei langj\u00e4hrige Erfahrung und fundiertes Fachwissen mit frischem Denken und aktuellen Technologien. Diese innovative Struktur [&hellip;]","og_url":"https:\/\/lbh2.de\/nl\/over-ons\/","og_site_name":"LBH\u00b2 | Ley Beyel Hoff Hellmann Steuerberater PartmbB","article_modified_time":"2025-02-04T14:50:32+00:00","og_image":[{"width":1920,"height":1055,"url":"https:\/\/lbh2.de\/wp-content\/uploads\/lbh2-steuerberater_header-images_gruppe_06.jpg","type":"image\/jpeg"}],"twitter_card":"summary_large_image","twitter_misc":{"Verwachte leestijd":"2 minuten"},"schema":{"@context":"https:\/\/schema.org","@graph":[{"@type":"WebPage","@id":"https:\/\/lbh2.de\/ueber-uns\/","url":"https:\/\/lbh2.de\/ueber-uns\/","name":"Over ons - LBH\u00b2 | Ley Beyel Hoff Hellmann Steuerberater PartmbB","isPartOf":{"@id":"https:\/\/lbh2.de\/#website"},"primaryImageOfPage":{"@id":"https:\/\/lbh2.de\/ueber-uns\/#primaryimage"},"image":{"@id":"https:\/\/lbh2.de\/ueber-uns\/#primaryimage"},"thumbnailUrl":"https:\/\/lbh2.de\/wp-content\/uploads\/lbh2-steuerberater_header-images_gruppe_06.jpg","datePublished":"2024-02-05T07:39:12+00:00","dateModified":"2025-02-04T14:50:32+00:00","breadcrumb":{"@id":"https:\/\/lbh2.de\/ueber-uns\/#breadcrumb"},"inLanguage":"nl-NL","potentialAction":[{"@type":"ReadAction","target":["https:\/\/lbh2.de\/ueber-uns\/"]}]},{"@type":"ImageObject","inLanguage":"nl-NL","@id":"https:\/\/lbh2.de\/ueber-uns\/#primaryimage","url":"https:\/\/lbh2.de\/wp-content\/uploads\/lbh2-steuerberater_header-images_gruppe_06.jpg","contentUrl":"https:\/\/lbh2.de\/wp-content\/uploads\/lbh2-steuerberater_header-images_gruppe_06.jpg","width":1920,"height":1055,"caption":"Gruppe von vier Businesspersonen, l\u00e4chelnd neben dem markanten LBH2-Logo in Wei\u00df und T\u00fcrkis."},{"@type":"BreadcrumbList","@id":"https:\/\/lbh2.de\/ueber-uns\/#breadcrumb","itemListElement":[{"@type":"ListItem","position":1,"name":"Startseite","item":"https:\/\/lbh2.de\/"},{"@type":"ListItem","position":2,"name":"\u00dcber uns"}]},{"@type":"WebSite","@id":"https:\/\/lbh2.de\/#website","url":"https:\/\/lbh2.de\/","name":"LBH\u00b2 | Ley Beyel Hoff Hellmann Belastingadviseurs PartmbB","description":"LBH\u00b2 - De formule voor uw succesvolle toekomst","publisher":{"@id":"https:\/\/lbh2.de\/#organization"},"alternateName":"LBH\u00b2 Steuerberatung","potentialAction":[{"@type":"SearchAction","target":{"@type":"EntryPoint","urlTemplate":"https:\/\/lbh2.de\/?s={search_term_string}"},"query-input":{"@type":"PropertyValueSpecification","valueRequired":true,"valueName":"search_term_string"}}],"inLanguage":"nl-NL"},{"@type":"Organization","@id":"https:\/\/lbh2.de\/#organization","name":"Ley Beyel Hoff Hellmann Belastingadviseurs PartmbB","alternateName":"LBH\u00b2 | Ley Beyel Hoff Hellmann Steuerberater PartmbB","url":"https:\/\/lbh2.de\/","logo":{"@type":"ImageObject","inLanguage":"nl-NL","@id":"https:\/\/lbh2.de\/#\/schema\/logo\/image\/","url":"https:\/\/lbh2.de\/wp-content\/uploads\/2024\/02\/logo_lbh2_ohne-claim.png","contentUrl":"https:\/\/lbh2.de\/wp-content\/uploads\/2024\/02\/logo_lbh2_ohne-claim.png","width":1000,"height":524,"caption":"Ley Beyel Hoff Hellmann Steuerberater PartmbB"},"image":{"@id":"https:\/\/lbh2.de\/#\/schema\/logo\/image\/"}}]}},"_links":{"self":[{"href":"https:\/\/lbh2.de\/nl\/wp-json\/wp\/v2\/pages\/111","targetHints":{"allow":["GET"]}}],"collection":[{"href":"https:\/\/lbh2.de\/nl\/wp-json\/wp\/v2\/pages"}],"about":[{"href":"https:\/\/lbh2.de\/nl\/wp-json\/wp\/v2\/types\/page"}],"author":[{"embeddable":true,"href":"https:\/\/lbh2.de\/nl\/wp-json\/wp\/v2\/users\/1"}],"replies":[{"embeddable":true,"href":"https:\/\/lbh2.de\/nl\/wp-json\/wp\/v2\/comments?post=111"}],"version-history":[{"count":48,"href":"https:\/\/lbh2.de\/nl\/wp-json\/wp\/v2\/pages\/111\/revisions"}],"predecessor-version":[{"id":2454,"href":"https:\/\/lbh2.de\/nl\/wp-json\/wp\/v2\/pages\/111\/revisions\/2454"}],"wp:featuredmedia":[{"embeddable":true,"href":"https:\/\/lbh2.de\/nl\/wp-json\/wp\/v2\/media\/2304"}],"wp:attachment":[{"href":"https:\/\/lbh2.de\/nl\/wp-json\/wp\/v2\/media?parent=111"}],"curies":[{"name":"wp","href":"https:\/\/api.w.org\/{rel}","templated":true}]}}