{"id":132,"date":"2024-02-05T08:39:14","date_gmt":"2024-02-05T07:39:14","guid":{"rendered":"https:\/\/lbh2.de\/social-media\/"},"modified":"2024-02-23T12:30:18","modified_gmt":"2024-02-23T11:30:18","slug":"grensoverschrijdende-counseling","status":"publish","type":"page","link":"https:\/\/lbh2.de\/nl\/leistungen\/grenzueberschreitende-beratung\/","title":{"rendered":"Grensoverschrijdende counseling"},"content":{"rendered":"<div data-elementor-type=\"wp-page\" data-elementor-id=\"132\" class=\"elementor elementor-132\" data-elementor-post-type=\"page\">\n\t\t\t\t\t\t<section class=\"elementor-section elementor-top-section elementor-element elementor-element-7e6df51 elementor-section-boxed elementor-section-height-default elementor-section-height-default\" data-id=\"7e6df51\" data-element_type=\"section\" data-e-type=\"section\">\n\t\t\t\t\t\t<div class=\"elementor-container elementor-column-gap-default\">\n\t\t\t\t\t<div class=\"elementor-column elementor-col-100 elementor-top-column elementor-element elementor-element-a754329\" data-id=\"a754329\" data-element_type=\"column\" data-e-type=\"column\">\n\t\t\t<div class=\"elementor-widget-wrap elementor-element-populated\">\n\t\t\t\t\t\t<div class=\"elementor-element elementor-element-0a8d79a elementor-invisible elementor-widget elementor-widget-heading\" data-id=\"0a8d79a\" data-element_type=\"widget\" data-e-type=\"widget\" data-settings=\"{&quot;_animation&quot;:&quot;fadeInUp&quot;}\" data-widget_type=\"heading.default\">\n\t\t\t\t<div class=\"elementor-widget-container\">\n\t\t\t\t\t<h2 class=\"elementor-heading-title elementor-size-default\">Nederland is <font color=\"#00ACA9\">op een steenworp afstand <\/font>verwijderd<\/h2>\t\t\t\t<\/div>\n\t\t\t\t<\/div>\n\t\t\t\t<div class=\"elementor-element elementor-element-3666c93 elementor-widget-divider--view-line elementor-invisible elementor-widget elementor-widget-divider\" data-id=\"3666c93\" data-element_type=\"widget\" data-e-type=\"widget\" data-settings=\"{&quot;_animation&quot;:&quot;fadeInUp&quot;}\" data-widget_type=\"divider.default\">\n\t\t\t\t<div class=\"elementor-widget-container\">\n\t\t\t\t\t\t\t<div class=\"elementor-divider\">\n\t\t\t<span class=\"elementor-divider-separator\">\n\t\t\t\t\t\t<\/span>\n\t\t<\/div>\n\t\t\t\t\t\t<\/div>\n\t\t\t\t<\/div>\n\t\t\t\t<div class=\"elementor-element elementor-element-ece14ba elementor-invisible elementor-widget elementor-widget-text-editor\" data-id=\"ece14ba\" data-element_type=\"widget\" data-e-type=\"widget\" data-settings=\"{&quot;_animation&quot;:&quot;fadeInUp&quot;}\" data-widget_type=\"text-editor.default\">\n\t\t\t\t<div class=\"elementor-widget-container\">\n\t\t\t\t\t\t\t\t\t<p>De Nederlands-Duitse grens ligt op een steenworp afstand van onze locaties. Via <b>Talrijke grensoverschrijdende mandaten <\/b>In de afgelopen jaren hebben we <b>nauwe contacten<\/b> met ons buurland. Op deze basis<b> wij adviseren Nederlandse bedrijven<\/b>die zich aan deze kant van de grens willen vestigen, evenals Duitse bedrijven die zich in Nederland willen vestigen. Wij zorgen voor hun behoeften <b>Competent en professioneel<\/b> - en dit gaat vaak verder dan de gebruikelijke diensten. De volledige<b> Wij bieden ook correspondentie en communicatie in het Nederlands indien gewenst<\/b>.<\/p>\t\t\t\t\t\t\t\t<\/div>\n\t\t\t\t<\/div>\n\t\t\t\t<div class=\"elementor-element elementor-element-b4030cd elementor-invisible elementor-widget elementor-widget-heading\" data-id=\"b4030cd\" data-element_type=\"widget\" data-e-type=\"widget\" data-settings=\"{&quot;_animation&quot;:&quot;fadeInUp&quot;}\" data-widget_type=\"heading.default\">\n\t\t\t\t<div class=\"elementor-widget-container\">\n\t\t\t\t\t<h3 class=\"elementor-heading-title elementor-size-default\">Onze diensten in een oogopslag\n<\/h3>\t\t\t\t<\/div>\n\t\t\t\t<\/div>\n\t\t\t\t<section class=\"elementor-section elementor-inner-section elementor-element elementor-element-1dfd048 elementor-section-boxed elementor-section-height-default elementor-section-height-default elementor-invisible\" data-id=\"1dfd048\" data-element_type=\"section\" data-e-type=\"section\" data-settings=\"{&quot;animation&quot;:&quot;fadeIn&quot;}\">\n\t\t\t\t\t\t<div class=\"elementor-container elementor-column-gap-no\">\n\t\t\t\t\t<div class=\"elementor-column elementor-col-50 elementor-inner-column elementor-element elementor-element-16f29b7 elementor-invisible\" data-id=\"16f29b7\" data-element_type=\"column\" data-e-type=\"column\" data-settings=\"{&quot;background_background&quot;:&quot;classic&quot;,&quot;animation&quot;:&quot;fadeInLeft&quot;}\">\n\t\t\t<div class=\"elementor-widget-wrap elementor-element-populated\">\n\t\t\t\t\t\t<div class=\"elementor-element elementor-element-7028fcf elementor-icon-list--layout-traditional elementor-list-item-link-full_width elementor-widget elementor-widget-icon-list\" data-id=\"7028fcf\" data-element_type=\"widget\" data-e-type=\"widget\" data-widget_type=\"icon-list.default\">\n\t\t\t\t<div class=\"elementor-widget-container\">\n\t\t\t\t\t\t\t<ul class=\"elementor-icon-list-items\">\n\t\t\t\t\t\t\t<li class=\"elementor-icon-list-item\">\n\t\t\t\t\t\t\t\t\t\t\t<span class=\"elementor-icon-list-icon\">\n\t\t\t\t\t\t\t<i aria-hidden=\"true\" class=\"fas fa-check\"><\/i>\t\t\t\t\t\t<\/span>\n\t\t\t\t\t\t\t\t\t\t<span class=\"elementor-icon-list-text\">Internationaal belastingadvies<\/span>\n\t\t\t\t\t\t\t\t\t<\/li>\n\t\t\t\t\t\t\t\t<li class=\"elementor-icon-list-item\">\n\t\t\t\t\t\t\t\t\t\t\t<span class=\"elementor-icon-list-icon\">\n\t\t\t\t\t\t\t<i aria-hidden=\"true\" class=\"fas fa-check\"><\/i>\t\t\t\t\t\t<\/span>\n\t\t\t\t\t\t\t\t\t\t<span class=\"elementor-icon-list-text\">Consultancy ondersteuning voor de grensoverschrijdende oprichting van bedrijven<\/span>\n\t\t\t\t\t\t\t\t\t<\/li>\n\t\t\t\t\t\t\t\t<li class=\"elementor-icon-list-item\">\n\t\t\t\t\t\t\t\t\t\t\t<span class=\"elementor-icon-list-icon\">\n\t\t\t\t\t\t\t<i aria-hidden=\"true\" class=\"fas fa-check\"><\/i>\t\t\t\t\t\t<\/span>\n\t\t\t\t\t\t\t\t\t\t<span class=\"elementor-icon-list-text\">Vertegenwoordiging bij overheidsinstanties en belastingdiensten<\/span>\n\t\t\t\t\t\t\t\t\t<\/li>\n\t\t\t\t\t\t\t\t<li class=\"elementor-icon-list-item\">\n\t\t\t\t\t\t\t\t\t\t\t<span class=\"elementor-icon-list-icon\">\n\t\t\t\t\t\t\t<i aria-hidden=\"true\" class=\"fas fa-check\"><\/i>\t\t\t\t\t\t<\/span>\n\t\t\t\t\t\t\t\t\t\t<span class=\"elementor-icon-list-text\">Gedetailleerde kennis van overeenkomsten ter voorkoming van dubbele belastingheffing<\/span>\n\t\t\t\t\t\t\t\t\t<\/li>\n\t\t\t\t\t\t<\/ul>\n\t\t\t\t\t\t<\/div>\n\t\t\t\t<\/div>\n\t\t\t\t\t<\/div>\n\t\t<\/div>\n\t\t\t\t<div class=\"elementor-column elementor-col-50 elementor-inner-column elementor-element elementor-element-5356d46 elementor-invisible\" data-id=\"5356d46\" data-element_type=\"column\" data-e-type=\"column\" data-settings=\"{&quot;background_background&quot;:&quot;classic&quot;,&quot;animation&quot;:&quot;fadeInRight&quot;}\">\n\t\t\t<div class=\"elementor-widget-wrap elementor-element-populated\">\n\t\t\t\t\t\t<div class=\"elementor-element elementor-element-2467880 elementor-icon-list--layout-traditional elementor-list-item-link-full_width elementor-widget elementor-widget-icon-list\" data-id=\"2467880\" data-element_type=\"widget\" data-e-type=\"widget\" data-widget_type=\"icon-list.default\">\n\t\t\t\t<div class=\"elementor-widget-container\">\n\t\t\t\t\t\t\t<ul class=\"elementor-icon-list-items\">\n\t\t\t\t\t\t\t<li class=\"elementor-icon-list-item\">\n\t\t\t\t\t\t\t\t\t\t\t<span class=\"elementor-icon-list-icon\">\n\t\t\t\t\t\t\t<i aria-hidden=\"true\" class=\"fas fa-check\"><\/i>\t\t\t\t\t\t<\/span>\n\t\t\t\t\t\t\t\t\t\t<span class=\"elementor-icon-list-text\">Ondersteuning bij vergaderingen met banken of autoriteiten<\/span>\n\t\t\t\t\t\t\t\t\t<\/li>\n\t\t\t\t\t\t\t\t<li class=\"elementor-icon-list-item\">\n\t\t\t\t\t\t\t\t\t\t\t<span class=\"elementor-icon-list-icon\">\n\t\t\t\t\t\t\t<i aria-hidden=\"true\" class=\"fas fa-check\"><\/i>\t\t\t\t\t\t<\/span>\n\t\t\t\t\t\t\t\t\t\t<span class=\"elementor-icon-list-text\">Aanvullende diensten, zoals ondersteuning bij het afsluiten van huur- of leasecontracten<\/span>\n\t\t\t\t\t\t\t\t\t<\/li>\n\t\t\t\t\t\t\t\t<li class=\"elementor-icon-list-item\">\n\t\t\t\t\t\t\t\t\t\t\t<span class=\"elementor-icon-list-icon\">\n\t\t\t\t\t\t\t<i aria-hidden=\"true\" class=\"fas fa-check\"><\/i>\t\t\t\t\t\t<\/span>\n\t\t\t\t\t\t\t\t\t\t<span class=\"elementor-icon-list-text\">Kantoordiensten<\/span>\n\t\t\t\t\t\t\t\t\t<\/li>\n\t\t\t\t\t\t\t\t<li class=\"elementor-icon-list-item\">\n\t\t\t\t\t\t\t\t\t\t\t<span class=\"elementor-icon-list-icon\">\n\t\t\t\t\t\t\t<i aria-hidden=\"true\" class=\"fas fa-check\"><\/i>\t\t\t\t\t\t<\/span>\n\t\t\t\t\t\t\t\t\t\t<span class=\"elementor-icon-list-text\">Correspondentie in het Nederlands<\/span>\n\t\t\t\t\t\t\t\t\t<\/li>\n\t\t\t\t\t\t<\/ul>\n\t\t\t\t\t\t<\/div>\n\t\t\t\t<\/div>\n\t\t\t\t\t<\/div>\n\t\t<\/div>\n\t\t\t\t\t<\/div>\n\t\t<\/section>\n\t\t\t\t\t<\/div>\n\t\t<\/div>\n\t\t\t\t\t<\/div>\n\t\t<\/section>\n\t\t\t\t<section class=\"elementor-section elementor-top-section elementor-element elementor-element-ea75c57 elementor-section-boxed elementor-section-height-default elementor-section-height-default elementor-invisible\" data-id=\"ea75c57\" data-element_type=\"section\" data-e-type=\"section\" data-settings=\"{&quot;animation&quot;:&quot;fadeInUp&quot;}\">\n\t\t\t\t\t\t<div class=\"elementor-container elementor-column-gap-default\">\n\t\t\t\t\t<div class=\"elementor-column elementor-col-100 elementor-top-column elementor-element elementor-element-73830f9\" data-id=\"73830f9\" data-element_type=\"column\" data-e-type=\"column\">\n\t\t\t<div class=\"elementor-widget-wrap elementor-element-populated\">\n\t\t\t\t\t\t<div class=\"elementor-element elementor-element-ac86486 elementor-widget elementor-widget-template\" data-id=\"ac86486\" data-element_type=\"widget\" data-e-type=\"widget\" data-widget_type=\"template.default\">\n\t\t\t\t<div class=\"elementor-widget-container\">\n\t\t\t\t\t\t\t<div class=\"elementor-template\">\n\t\t\t\t\t<div data-elementor-type=\"section\" data-elementor-id=\"474\" class=\"elementor elementor-474\" data-elementor-post-type=\"elementor_library\">\n\t\t\t<div class=\"elementor-element elementor-element-ba2abc1 e-flex e-con-boxed e-con e-parent\" data-id=\"ba2abc1\" data-element_type=\"container\" data-e-type=\"container\">\n\t\t\t\t\t<div class=\"e-con-inner\">\n\t\t\t\t<div class=\"elementor-element elementor-element-66eda85 elementor-cta--layout-image-above elementor-cta--skin-classic elementor-animated-content elementor-bg-transform elementor-bg-transform-zoom-in elementor-invisible elementor-widget elementor-widget-call-to-action\" data-id=\"66eda85\" data-element_type=\"widget\" data-e-type=\"widget\" data-settings=\"{&quot;_animation&quot;:&quot;fadeInUp&quot;}\" data-widget_type=\"call-to-action.default\">\n\t\t\t\t<div class=\"elementor-widget-container\">\n\t\t\t\t\t\t\t<div class=\"elementor-cta\">\n\t\t\t\t\t\t\t<div class=\"elementor-cta__content\">\n\t\t\t\t\n\t\t\t\t\t\t\t\t\t<h2 class=\"elementor-cta__title elementor-cta__content-item elementor-content-item\">\n\t\t\t\t\t\tNeem contact met ons op\t\t\t\t\t<\/h2>\n\t\t\t\t\n\t\t\t\t\t\t\t\t\t<div class=\"elementor-cta__description elementor-cta__content-item elementor-content-item\">\n\t\t\t\t\t\tWilt u ons leren kennen of hebt u vragen over onze diensten?\t\t\t\t\t<\/div>\n\t\t\t\t\n\t\t\t\t\t\t\t\t\t<div class=\"elementor-cta__button-wrapper elementor-cta__content-item elementor-content-item\">\n\t\t\t\t\t<a class=\"elementor-cta__button elementor-button elementor-size-md\" href=\"\/nl\/neem-contact-op-met\/\" target=\"_blank\">\n\t\t\t\t\t\tNeem contact op\t\t\t\t\t<\/a>\n\t\t\t\t\t<\/div>\n\t\t\t\t\t\t\t<\/div>\n\t\t\t\t\t\t<\/div>\n\t\t\t\t\t\t<\/div>\n\t\t\t\t<\/div>\n\t\t\t\t\t<\/div>\n\t\t\t\t<\/div>\n\t\t\t\t<\/div>\n\t\t\t\t<\/div>\n\t\t\t\t\t\t<\/div>\n\t\t\t\t<\/div>\n\t\t\t\t\t<\/div>\n\t\t<\/div>\n\t\t\t\t\t<\/div>\n\t\t<\/section>\n\t\t\t\t<\/div>","protected":false},"excerpt":{"rendered":"<p>Die Niederlande sind nur einen Steinwurf entfernt Die niederl\u00e4ndisch-deutsche Grenze liegt von unseren Standorten nur einen Steinwurf entfernt. Durch zahlreiche grenz\u00fcberschreitende Mandate haben wir in den vergangenen Jahren enge Kontakte zu unserem Nachbarland aufgebaut. Auf dieser Basis beraten wir niederl\u00e4ndische Unternehmen, die sich diesseits des Grenzsteins niederlassen m\u00f6chten, ebenso wie deutsche, die Standorte in den [&hellip;]<\/p>\n","protected":false},"author":1,"featured_media":1395,"parent":140,"menu_order":0,"comment_status":"closed","ping_status":"closed","template":"","meta":{"footnotes":""},"class_list":["post-132","page","type-page","status-publish","has-post-thumbnail","hentry"],"yoast_head":"<!-- This site is optimized with the Yoast SEO plugin v27.3 - https:\/\/yoast.com\/product\/yoast-seo-wordpress\/ -->\n<title>Grenz\u00fcberschreitende Beratung - LBH\u00b2 | Ley Beyel Hoff Hellmann Steuerberater PartmbB<\/title>\n<meta name=\"robots\" content=\"index, follow, max-snippet:-1, max-image-preview:large, max-video-preview:-1\" \/>\n<link rel=\"canonical\" href=\"https:\/\/lbh2.de\/nl\/diensten\/grensoverschrijdende-counseling\/\" \/>\n<meta property=\"og:locale\" content=\"nl_NL\" \/>\n<meta property=\"og:type\" content=\"article\" \/>\n<meta property=\"og:title\" content=\"Grenz\u00fcberschreitende Beratung - LBH\u00b2 | Ley Beyel Hoff Hellmann Steuerberater PartmbB\" \/>\n<meta property=\"og:description\" content=\"Die Niederlande sind nur einen Steinwurf entfernt Die niederl\u00e4ndisch-deutsche Grenze liegt von unseren Standorten nur einen Steinwurf entfernt. Durch zahlreiche grenz\u00fcberschreitende Mandate haben wir in den vergangenen Jahren enge Kontakte zu unserem Nachbarland aufgebaut. Auf dieser Basis beraten wir niederl\u00e4ndische Unternehmen, die sich diesseits des Grenzsteins niederlassen m\u00f6chten, ebenso wie deutsche, die Standorte in den [&hellip;]\" \/>\n<meta property=\"og:url\" content=\"https:\/\/lbh2.de\/nl\/diensten\/grensoverschrijdende-counseling\/\" \/>\n<meta property=\"og:site_name\" content=\"LBH\u00b2 | Ley Beyel Hoff Hellmann Steuerberater PartmbB\" \/>\n<meta property=\"article:modified_time\" content=\"2024-02-23T11:30:18+00:00\" \/>\n<meta property=\"og:image\" content=\"https:\/\/lbh2.de\/wp-content\/uploads\/lbh2-steuerberater-grenzueberschreitende-beratung_header.jpg\" \/>\n\t<meta property=\"og:image:width\" content=\"1000\" \/>\n\t<meta property=\"og:image:height\" content=\"667\" \/>\n\t<meta property=\"og:image:type\" content=\"image\/jpeg\" \/>\n<meta name=\"twitter:card\" content=\"summary_large_image\" \/>\n<meta name=\"twitter:label1\" content=\"Verwachte leestijd\" \/>\n\t<meta name=\"twitter:data1\" content=\"1 minuut\" \/>\n<script type=\"application\/ld+json\" class=\"yoast-schema-graph\">{\"@context\":\"https:\\\/\\\/schema.org\",\"@graph\":[{\"@type\":\"WebPage\",\"@id\":\"https:\\\/\\\/lbh2.de\\\/leistungen\\\/grenzueberschreitende-beratung\\\/\",\"url\":\"https:\\\/\\\/lbh2.de\\\/leistungen\\\/grenzueberschreitende-beratung\\\/\",\"name\":\"Grenz\u00fcberschreitende Beratung - LBH\u00b2 | Ley Beyel Hoff Hellmann Steuerberater PartmbB\",\"isPartOf\":{\"@id\":\"https:\\\/\\\/lbh2.de\\\/#website\"},\"primaryImageOfPage\":{\"@id\":\"https:\\\/\\\/lbh2.de\\\/leistungen\\\/grenzueberschreitende-beratung\\\/#primaryimage\"},\"image\":{\"@id\":\"https:\\\/\\\/lbh2.de\\\/leistungen\\\/grenzueberschreitende-beratung\\\/#primaryimage\"},\"thumbnailUrl\":\"https:\\\/\\\/lbh2.de\\\/wp-content\\\/uploads\\\/lbh2-steuerberater-grenzueberschreitende-beratung_header.jpg\",\"datePublished\":\"2024-02-05T07:39:14+00:00\",\"dateModified\":\"2024-02-23T11:30:18+00:00\",\"breadcrumb\":{\"@id\":\"https:\\\/\\\/lbh2.de\\\/leistungen\\\/grenzueberschreitende-beratung\\\/#breadcrumb\"},\"inLanguage\":\"nl-NL\",\"potentialAction\":[{\"@type\":\"ReadAction\",\"target\":[\"https:\\\/\\\/lbh2.de\\\/leistungen\\\/grenzueberschreitende-beratung\\\/\"]}]},{\"@type\":\"ImageObject\",\"inLanguage\":\"nl-NL\",\"@id\":\"https:\\\/\\\/lbh2.de\\\/leistungen\\\/grenzueberschreitende-beratung\\\/#primaryimage\",\"url\":\"https:\\\/\\\/lbh2.de\\\/wp-content\\\/uploads\\\/lbh2-steuerberater-grenzueberschreitende-beratung_header.jpg\",\"contentUrl\":\"https:\\\/\\\/lbh2.de\\\/wp-content\\\/uploads\\\/lbh2-steuerberater-grenzueberschreitende-beratung_header.jpg\",\"width\":1000,\"height\":667,\"caption\":\"3D-Karte Europas mit hervorgehobenem Deutschland in T\u00fcrkis, umliegende L\u00e4nder in Graut\u00f6nen dargestellt.\"},{\"@type\":\"BreadcrumbList\",\"@id\":\"https:\\\/\\\/lbh2.de\\\/leistungen\\\/grenzueberschreitende-beratung\\\/#breadcrumb\",\"itemListElement\":[{\"@type\":\"ListItem\",\"position\":1,\"name\":\"Startseite\",\"item\":\"https:\\\/\\\/lbh2.de\\\/\"},{\"@type\":\"ListItem\",\"position\":2,\"name\":\"Leistungen\",\"item\":\"https:\\\/\\\/lbh2.de\\\/leistungen\\\/\"},{\"@type\":\"ListItem\",\"position\":3,\"name\":\"Grenz\u00fcberschreitende Beratung\"}]},{\"@type\":\"WebSite\",\"@id\":\"https:\\\/\\\/lbh2.de\\\/#website\",\"url\":\"https:\\\/\\\/lbh2.de\\\/\",\"name\":\"LBH\u00b2 | Ley Beyel Hoff Hellmann Steuerberater PartmbB\",\"description\":\"LBH\u00b2 - Die Formel f\u00fcr Ihre erfolgreiche Zukunft\",\"publisher\":{\"@id\":\"https:\\\/\\\/lbh2.de\\\/#organization\"},\"alternateName\":\"LBH\u00b2 Steuerberatung\",\"potentialAction\":[{\"@type\":\"SearchAction\",\"target\":{\"@type\":\"EntryPoint\",\"urlTemplate\":\"https:\\\/\\\/lbh2.de\\\/?s={search_term_string}\"},\"query-input\":{\"@type\":\"PropertyValueSpecification\",\"valueRequired\":true,\"valueName\":\"search_term_string\"}}],\"inLanguage\":\"nl-NL\"},{\"@type\":\"Organization\",\"@id\":\"https:\\\/\\\/lbh2.de\\\/#organization\",\"name\":\"Ley Beyel Hoff Hellmann Steuerberater PartmbB\",\"alternateName\":\"LBH\u00b2 | Ley Beyel Hoff Hellmann Steuerberater PartmbB\",\"url\":\"https:\\\/\\\/lbh2.de\\\/\",\"logo\":{\"@type\":\"ImageObject\",\"inLanguage\":\"nl-NL\",\"@id\":\"https:\\\/\\\/lbh2.de\\\/#\\\/schema\\\/logo\\\/image\\\/\",\"url\":\"https:\\\/\\\/lbh2.de\\\/wp-content\\\/uploads\\\/2024\\\/02\\\/logo_lbh2_ohne-claim.png\",\"contentUrl\":\"https:\\\/\\\/lbh2.de\\\/wp-content\\\/uploads\\\/2024\\\/02\\\/logo_lbh2_ohne-claim.png\",\"width\":1000,\"height\":524,\"caption\":\"Ley Beyel Hoff Hellmann Steuerberater PartmbB\"},\"image\":{\"@id\":\"https:\\\/\\\/lbh2.de\\\/#\\\/schema\\\/logo\\\/image\\\/\"}}]}<\/script>\n<!-- \/ Yoast SEO plugin. -->","yoast_head_json":{"title":"Grensoverschrijdend advies - LBH\u00b2 | Ley Beyel Hoff Hellmann Steuerberater PartmbB","robots":{"index":"index","follow":"follow","max-snippet":"max-snippet:-1","max-image-preview":"max-image-preview:large","max-video-preview":"max-video-preview:-1"},"canonical":"https:\/\/lbh2.de\/nl\/diensten\/grensoverschrijdende-counseling\/","og_locale":"nl_NL","og_type":"article","og_title":"Grenz\u00fcberschreitende Beratung - LBH\u00b2 | Ley Beyel Hoff Hellmann Steuerberater PartmbB","og_description":"Die Niederlande sind nur einen Steinwurf entfernt Die niederl\u00e4ndisch-deutsche Grenze liegt von unseren Standorten nur einen Steinwurf entfernt. Durch zahlreiche grenz\u00fcberschreitende Mandate haben wir in den vergangenen Jahren enge Kontakte zu unserem Nachbarland aufgebaut. Auf dieser Basis beraten wir niederl\u00e4ndische Unternehmen, die sich diesseits des Grenzsteins niederlassen m\u00f6chten, ebenso wie deutsche, die Standorte in den [&hellip;]","og_url":"https:\/\/lbh2.de\/nl\/diensten\/grensoverschrijdende-counseling\/","og_site_name":"LBH\u00b2 | Ley Beyel Hoff Hellmann Steuerberater PartmbB","article_modified_time":"2024-02-23T11:30:18+00:00","og_image":[{"width":1000,"height":667,"url":"https:\/\/lbh2.de\/wp-content\/uploads\/lbh2-steuerberater-grenzueberschreitende-beratung_header.jpg","type":"image\/jpeg"}],"twitter_card":"summary_large_image","twitter_misc":{"Verwachte leestijd":"1 minuut"},"schema":{"@context":"https:\/\/schema.org","@graph":[{"@type":"WebPage","@id":"https:\/\/lbh2.de\/leistungen\/grenzueberschreitende-beratung\/","url":"https:\/\/lbh2.de\/leistungen\/grenzueberschreitende-beratung\/","name":"Grensoverschrijdend advies - LBH\u00b2 | Ley Beyel Hoff Hellmann Steuerberater PartmbB","isPartOf":{"@id":"https:\/\/lbh2.de\/#website"},"primaryImageOfPage":{"@id":"https:\/\/lbh2.de\/leistungen\/grenzueberschreitende-beratung\/#primaryimage"},"image":{"@id":"https:\/\/lbh2.de\/leistungen\/grenzueberschreitende-beratung\/#primaryimage"},"thumbnailUrl":"https:\/\/lbh2.de\/wp-content\/uploads\/lbh2-steuerberater-grenzueberschreitende-beratung_header.jpg","datePublished":"2024-02-05T07:39:14+00:00","dateModified":"2024-02-23T11:30:18+00:00","breadcrumb":{"@id":"https:\/\/lbh2.de\/leistungen\/grenzueberschreitende-beratung\/#breadcrumb"},"inLanguage":"nl-NL","potentialAction":[{"@type":"ReadAction","target":["https:\/\/lbh2.de\/leistungen\/grenzueberschreitende-beratung\/"]}]},{"@type":"ImageObject","inLanguage":"nl-NL","@id":"https:\/\/lbh2.de\/leistungen\/grenzueberschreitende-beratung\/#primaryimage","url":"https:\/\/lbh2.de\/wp-content\/uploads\/lbh2-steuerberater-grenzueberschreitende-beratung_header.jpg","contentUrl":"https:\/\/lbh2.de\/wp-content\/uploads\/lbh2-steuerberater-grenzueberschreitende-beratung_header.jpg","width":1000,"height":667,"caption":"3D-Karte Europas mit hervorgehobenem Deutschland in T\u00fcrkis, umliegende L\u00e4nder in Graut\u00f6nen dargestellt."},{"@type":"BreadcrumbList","@id":"https:\/\/lbh2.de\/leistungen\/grenzueberschreitende-beratung\/#breadcrumb","itemListElement":[{"@type":"ListItem","position":1,"name":"Startseite","item":"https:\/\/lbh2.de\/"},{"@type":"ListItem","position":2,"name":"Leistungen","item":"https:\/\/lbh2.de\/leistungen\/"},{"@type":"ListItem","position":3,"name":"Grenz\u00fcberschreitende Beratung"}]},{"@type":"WebSite","@id":"https:\/\/lbh2.de\/#website","url":"https:\/\/lbh2.de\/","name":"LBH\u00b2 | Ley Beyel Hoff Hellmann Belastingadviseurs PartmbB","description":"LBH\u00b2 - De formule voor uw succesvolle toekomst","publisher":{"@id":"https:\/\/lbh2.de\/#organization"},"alternateName":"LBH\u00b2 Steuerberatung","potentialAction":[{"@type":"SearchAction","target":{"@type":"EntryPoint","urlTemplate":"https:\/\/lbh2.de\/?s={search_term_string}"},"query-input":{"@type":"PropertyValueSpecification","valueRequired":true,"valueName":"search_term_string"}}],"inLanguage":"nl-NL"},{"@type":"Organization","@id":"https:\/\/lbh2.de\/#organization","name":"Ley Beyel Hoff Hellmann Belastingadviseurs PartmbB","alternateName":"LBH\u00b2 | Ley Beyel Hoff Hellmann Steuerberater PartmbB","url":"https:\/\/lbh2.de\/","logo":{"@type":"ImageObject","inLanguage":"nl-NL","@id":"https:\/\/lbh2.de\/#\/schema\/logo\/image\/","url":"https:\/\/lbh2.de\/wp-content\/uploads\/2024\/02\/logo_lbh2_ohne-claim.png","contentUrl":"https:\/\/lbh2.de\/wp-content\/uploads\/2024\/02\/logo_lbh2_ohne-claim.png","width":1000,"height":524,"caption":"Ley Beyel Hoff Hellmann Steuerberater PartmbB"},"image":{"@id":"https:\/\/lbh2.de\/#\/schema\/logo\/image\/"}}]}},"_links":{"self":[{"href":"https:\/\/lbh2.de\/nl\/wp-json\/wp\/v2\/pages\/132","targetHints":{"allow":["GET"]}}],"collection":[{"href":"https:\/\/lbh2.de\/nl\/wp-json\/wp\/v2\/pages"}],"about":[{"href":"https:\/\/lbh2.de\/nl\/wp-json\/wp\/v2\/types\/page"}],"author":[{"embeddable":true,"href":"https:\/\/lbh2.de\/nl\/wp-json\/wp\/v2\/users\/1"}],"replies":[{"embeddable":true,"href":"https:\/\/lbh2.de\/nl\/wp-json\/wp\/v2\/comments?post=132"}],"version-history":[{"count":48,"href":"https:\/\/lbh2.de\/nl\/wp-json\/wp\/v2\/pages\/132\/revisions"}],"predecessor-version":[{"id":1397,"href":"https:\/\/lbh2.de\/nl\/wp-json\/wp\/v2\/pages\/132\/revisions\/1397"}],"up":[{"embeddable":true,"href":"https:\/\/lbh2.de\/nl\/wp-json\/wp\/v2\/pages\/140"}],"wp:featuredmedia":[{"embeddable":true,"href":"https:\/\/lbh2.de\/nl\/wp-json\/wp\/v2\/media\/1395"}],"wp:attachment":[{"href":"https:\/\/lbh2.de\/nl\/wp-json\/wp\/v2\/media?parent=132"}],"curies":[{"name":"wp","href":"https:\/\/api.w.org\/{rel}","templated":true}]}}