{"id":2630,"date":"2025-05-07T11:10:14","date_gmt":"2025-05-07T09:10:14","guid":{"rendered":"https:\/\/lbh2.de\/?page_id=2630"},"modified":"2025-05-12T12:13:58","modified_gmt":"2025-05-12T10:13:58","slug":"verklaring-over-toegankelijkheid","status":"publish","type":"page","link":"https:\/\/lbh2.de\/nl\/erklaerung-zur-barrierefreiheit\/","title":{"rendered":"Verklaring over toegankelijkheid"},"content":{"rendered":"<div data-elementor-type=\"wp-page\" data-elementor-id=\"2630\" class=\"elementor elementor-2630\" data-elementor-post-type=\"page\">\n\t\t\t\t<div class=\"elementor-element elementor-element-bc3d9f4 e-flex e-con-boxed e-con e-parent\" data-id=\"bc3d9f4\" data-element_type=\"container\" data-e-type=\"container\">\n\t\t\t\t\t<div class=\"e-con-inner\">\n\t\t\t\t<div class=\"elementor-element elementor-element-53e3ac3 elementor-widget elementor-widget-text-editor\" data-id=\"53e3ac3\" data-element_type=\"widget\" data-e-type=\"widget\" data-widget_type=\"text-editor.default\">\n\t\t\t\t<div class=\"elementor-widget-container\">\n\t\t\t\t\t\t\t\t\t  <p>Als beheerder van de website streven wij (Ley Beyel Hoff Hellmann Steuerberater PartmbB) ernaar om de website te ontwerpen in overeenstemming met de relevante toegankelijkheidsvoorschriften. De volgende wettelijke bepalingen zijn op ons van toepassing:\n    Wet van de deelstaat Nordrhein-Westfalen inzake gelijke kansen voor personen met een handicap (Behindertengleichstellungsgesetz Nordrhein-Westfalen - BGG NRW) en Barrier-free Information Technology Ordinance North Rhine-Westphalia (BITVNRW).\n  <\/p>\n\n  <h2>Website<\/h2>\n  <p>Deze toegankelijkheidsverklaring is van toepassing op de website <a href=\"https:\/\/lbh2.de\/nl\/\">https:\/\/lbh2.de\/<\/a>.<\/p>\n\n  <h2>Feedback en contactgegevens<\/h2>\n  <p>Hebt u tekortkomingen opgemerkt in de toegankelijkheid van de inhoud op onze website, of hebt u opmerkingen of vragen over toegankelijkheid? Neem dan contact met ons op via:<\/p>\n  \n  <address>\n    <strong>Ley Beyel Hoff Hellmann Belastingadviseurs PartmbB<\/strong><br>\n    Weststra\u00dfe 12<br>\n    47929 Grefrath<br><br>\n\n    <strong>Telefoon:<\/strong> <a href=\"tel:+492158408290\">+49 (0) 2158-40829-0<\/a><br>\n    <strong>Fax:<\/strong> +49 (0) 2158-40829-29<br>\n    <strong>E-Mail:<\/strong> <a href=\"mailto:info@lbh2.de\">info@lbh2.de<\/a><br>\n    <a href=\"https:\/\/lbh2.de\/nl\/neem-contact-op-met\/\">https:\/\/lbh2.de\/de\/kontakt\/<\/a>\n  <\/address>\n\n<\/br>  <h2>Status van compatibiliteit met de vereisten<\/h2>\n\n  <h3>Onverenigbaarheid met de toegankelijkheidswetgeving<\/h3>\n  <ul>\n    <li>Ondertitels of transcripties voor ingesloten video's ontbreken (momenteel zijn er geen video's ingesloten; toegankelijkheid moet gegarandeerd zijn voor toekomstige insluiting).<\/li>\n    <li>De structurering van koppen en inhoud is meestal correct, maar vertoont in individuele gevallen nog kleine afwijkingen van de semantische normen.<\/li>\n    <li>Afzonderlijke animaties (bijv. schuifovergangen) kunnen door sommige gebruikers als storend of vervelend worden ervaren.<\/li>\n    <li>Formuliervelden zijn voor het grootste deel correct gelabeld, maar in een paar gevallen ontbreken consistente labeltoewijzingen.<\/li>\n    <li>Foutmeldingen in formulieren zijn niet altijd duidelijk herkenbaar of volledig toegankelijk.<\/li>\n    <li>De HTML-structuur vertoont enkele semantische tekortkomingen (bijv. niet-gedefinieerde ori\u00ebntatiepunten of onduidelijke ARIA-rollen).<\/li>\n    <li>Gebruik met schermlezers is over het algemeen mogelijk, maar bepaalde navigatie- of interactie-elementen zouden verbeterd kunnen worden.<\/li>\n    <li>Bediening met een toetsenbord is grotendeels mogelijk, maar vervolgkeuzemenu's of schuifregelaars reageren niet altijd zoals verwacht.<\/li>\n    <li>Kleurcontrasten zijn meestal voldoende, maar kunnen soms te laag zijn bij hover-effecten of opgedrukte tekst (bijv. op afbeeldingen).<\/li>\n    <li>Niet alle informatie wordt via meer dan \u00e9\u00e9n zintuiglijk kanaal verstrekt, er ontbreekt bijvoorbeeld extra tekstuele uitleg voor kleurlabels.<\/li>\n  <\/ul>\n\n  <h3>Onevenredige belasting<\/h3>\n  <p>De volgende inhoud wordt niet drempelvrij beschikbaar gesteld omdat dit een onevenredige belasting voor ons zou betekenen:<\/p>\n  <p>Voor zover wij op dit moment weten, zijn er geen secties op deze website waarvoor een uitzondering wegens onevenredige belasting krachtens artikel 5 van Richtlijn (EU) 2016\/2102 wordt ingeroepen.<\/p>\n\n  <h3>Barri\u00e8revrije alternatieven<\/h3>\n  <p>Wij bieden de volgende toegankelijke alternatieven voor onze niet-toegankelijke inhoud:<\/p>\n  <ul>\n    <li>Elementor Ally plugin voor het aanpassen van contrasten, lettergroottes en visuele instellingen.<\/li>\n    <li>Een sectie in gewone taal (\"Over ons\") is beschikbaar of wordt binnenkort gerealiseerd.<\/li>\n    <li>Volledige alternatieve teksten en beschrijvingen voor alle afbeeldingen en gekoppelde media-inhoud, in overeenstemming met de WCAG-vereisten.<\/li>\n  <\/ul>\n\n  <h3>Evaluatiemethode<\/h3>\n  <p>De toegankelijkheid van de website werd beoordeeld door:<\/p>\n  <ul>\n    <li>Handmatige visuele inspectie van centrale paginagebieden (Start, Over ons, Contact, Diensten).<\/li>\n    <li>Gebruik van geautomatiseerde testtools zoals WAVE, AXE en Lighthouse.<\/li>\n    <li>Ori\u00ebntatie op de vereisten van WCAG 2.1, BITV 2.0 en de Wet Barri\u00e8revrije Versterking (BFSG).<\/li>\n    <li>Integratie van de functies van de Elementor Ally plugin, vooral met betrekking tot toetsenbordbediening, contrasten en gebruikersaanpassing.<\/li>\n  <\/ul>\n\n  <\/br> <h2>Handhavingsprocedures<\/h2>\n  <p>Als u van mening bent dat u benadeeld bent door de ontoereikende toegankelijkheid van onze website, kunt u contact opnemen met de betreffende handhavingsinstantie. U kunt hen bereiken op:<\/p>\n\n  <address>\n    <strong>Ombudsdienst voor barri\u00e8revrije informatietechnologie van de deelstaat Noordrijn-Westfalen<\/strong><br>\n    bij de staatscommissaris voor personen met een handicap<br>\n    F\u00fcrstenwall 25<br>\n    40219 D\u00fcsseldorf<br>\n    <strong>E-Mail:<\/strong> <a href=\"mailto:ombudsstelle-barrierefreie-it@mags.nrw.de\">ombudsstelle-barrierefreie-it@mags.nrw.de<\/a>\n  <\/address>\n\n <\/br>  <h2>Opstellen van deze toegankelijkheidsverklaring<\/h2>\n  <p>Deze verklaring werd aangemaakt op 02\/05\/2025.<br>\n  De verklaring is voor het laatst herzien op 02\/05\/2025.<\/p>\n\n\n\t\t\t\t\t\t\t\t<\/div>\n\t\t\t\t<\/div>\n\t\t\t\t\t<\/div>\n\t\t\t\t<\/div>\n\t\t\t\t<\/div>","protected":false},"excerpt":{"rendered":"<p>Wir (Ley Beyel Hoff Hellmann Steuerberater PartmbB) als Websitebetreiber sind bem\u00fcht, die Website in Einklang mit den einschl\u00e4gigen Vorschriften zur Barrierefreiheit zu gestalten. F\u00fcr uns gelten folgende Rechtsvorschriften: Gesetz des Landes Nordrhein-Westfalen zur Gleichstellung von Menschen mit Behinderung (Behindertengleichstellungsgesetz Nordrhein-Westfalen &#8211; BGG NRW) und Barrierefreie-Informationstechnik-Verordnung Nordrhein-Westfalen (BITVNRW). Website Diese Erkl\u00e4rung zur Barrierefreiheit gilt f\u00fcr die [&hellip;]<\/p>\n","protected":false},"author":1,"featured_media":1420,"parent":0,"menu_order":0,"comment_status":"closed","ping_status":"closed","template":"","meta":{"footnotes":""},"class_list":["post-2630","page","type-page","status-publish","has-post-thumbnail","hentry"],"yoast_head":"<!-- This site is optimized with the Yoast SEO plugin v27.3 - https:\/\/yoast.com\/product\/yoast-seo-wordpress\/ -->\n<title>Erkl\u00e4rung zur Barrierefreiheit - LBH\u00b2 | Ley Beyel Hoff Hellmann Steuerberater PartmbB<\/title>\n<meta name=\"robots\" content=\"index, follow, max-snippet:-1, max-image-preview:large, max-video-preview:-1\" \/>\n<link rel=\"canonical\" href=\"https:\/\/lbh2.de\/nl\/verklaring-over-toegankelijkheid\/\" \/>\n<meta property=\"og:locale\" content=\"nl_NL\" \/>\n<meta property=\"og:type\" content=\"article\" \/>\n<meta property=\"og:title\" content=\"Erkl\u00e4rung zur Barrierefreiheit - LBH\u00b2 | Ley Beyel Hoff Hellmann Steuerberater PartmbB\" \/>\n<meta property=\"og:description\" content=\"Wir (Ley Beyel Hoff Hellmann Steuerberater PartmbB) als Websitebetreiber sind bem\u00fcht, die Website in Einklang mit den einschl\u00e4gigen Vorschriften zur Barrierefreiheit zu gestalten. F\u00fcr uns gelten folgende Rechtsvorschriften: Gesetz des Landes Nordrhein-Westfalen zur Gleichstellung von Menschen mit Behinderung (Behindertengleichstellungsgesetz Nordrhein-Westfalen &#8211; BGG NRW) und Barrierefreie-Informationstechnik-Verordnung Nordrhein-Westfalen (BITVNRW). Website Diese Erkl\u00e4rung zur Barrierefreiheit gilt f\u00fcr die [&hellip;]\" \/>\n<meta property=\"og:url\" content=\"https:\/\/lbh2.de\/nl\/verklaring-over-toegankelijkheid\/\" \/>\n<meta property=\"og:site_name\" content=\"LBH\u00b2 | Ley Beyel Hoff Hellmann Steuerberater PartmbB\" \/>\n<meta property=\"article:modified_time\" content=\"2025-05-12T10:13:58+00:00\" \/>\n<meta property=\"og:image\" content=\"https:\/\/lbh2.de\/wp-content\/uploads\/lbh2-steuerberater_Header-Images-ohne-menschen.jpg\" \/>\n\t<meta property=\"og:image:width\" content=\"1920\" \/>\n\t<meta property=\"og:image:height\" content=\"1055\" \/>\n\t<meta property=\"og:image:type\" content=\"image\/jpeg\" \/>\n<meta name=\"twitter:card\" content=\"summary_large_image\" \/>\n<meta name=\"twitter:label1\" content=\"Verwachte leestijd\" \/>\n\t<meta name=\"twitter:data1\" content=\"3 minuten\" \/>\n<script type=\"application\/ld+json\" class=\"yoast-schema-graph\">{\"@context\":\"https:\\\/\\\/schema.org\",\"@graph\":[{\"@type\":\"WebPage\",\"@id\":\"https:\\\/\\\/lbh2.de\\\/erklaerung-zur-barrierefreiheit\\\/\",\"url\":\"https:\\\/\\\/lbh2.de\\\/erklaerung-zur-barrierefreiheit\\\/\",\"name\":\"Erkl\u00e4rung zur Barrierefreiheit - LBH\u00b2 | Ley Beyel Hoff Hellmann Steuerberater PartmbB\",\"isPartOf\":{\"@id\":\"https:\\\/\\\/lbh2.de\\\/#website\"},\"primaryImageOfPage\":{\"@id\":\"https:\\\/\\\/lbh2.de\\\/erklaerung-zur-barrierefreiheit\\\/#primaryimage\"},\"image\":{\"@id\":\"https:\\\/\\\/lbh2.de\\\/erklaerung-zur-barrierefreiheit\\\/#primaryimage\"},\"thumbnailUrl\":\"https:\\\/\\\/lbh2.de\\\/wp-content\\\/uploads\\\/lbh2-steuerberater_Header-Images-ohne-menschen.jpg\",\"datePublished\":\"2025-05-07T09:10:14+00:00\",\"dateModified\":\"2025-05-12T10:13:58+00:00\",\"breadcrumb\":{\"@id\":\"https:\\\/\\\/lbh2.de\\\/erklaerung-zur-barrierefreiheit\\\/#breadcrumb\"},\"inLanguage\":\"nl-NL\",\"potentialAction\":[{\"@type\":\"ReadAction\",\"target\":[\"https:\\\/\\\/lbh2.de\\\/erklaerung-zur-barrierefreiheit\\\/\"]}]},{\"@type\":\"ImageObject\",\"inLanguage\":\"nl-NL\",\"@id\":\"https:\\\/\\\/lbh2.de\\\/erklaerung-zur-barrierefreiheit\\\/#primaryimage\",\"url\":\"https:\\\/\\\/lbh2.de\\\/wp-content\\\/uploads\\\/lbh2-steuerberater_Header-Images-ohne-menschen.jpg\",\"contentUrl\":\"https:\\\/\\\/lbh2.de\\\/wp-content\\\/uploads\\\/lbh2-steuerberater_Header-Images-ohne-menschen.jpg\",\"width\":1920,\"height\":1055,\"caption\":\"Vier unterschiedlich hohe Rollups mit dem LBH\u00b2-Logo auf wei\u00dfem Hintergrund.\"},{\"@type\":\"BreadcrumbList\",\"@id\":\"https:\\\/\\\/lbh2.de\\\/erklaerung-zur-barrierefreiheit\\\/#breadcrumb\",\"itemListElement\":[{\"@type\":\"ListItem\",\"position\":1,\"name\":\"Startseite\",\"item\":\"https:\\\/\\\/lbh2.de\\\/\"},{\"@type\":\"ListItem\",\"position\":2,\"name\":\"Erkl\u00e4rung zur Barrierefreiheit\"}]},{\"@type\":\"WebSite\",\"@id\":\"https:\\\/\\\/lbh2.de\\\/#website\",\"url\":\"https:\\\/\\\/lbh2.de\\\/\",\"name\":\"LBH\u00b2 | Ley Beyel Hoff Hellmann Steuerberater PartmbB\",\"description\":\"LBH\u00b2 - Die Formel f\u00fcr Ihre erfolgreiche Zukunft\",\"publisher\":{\"@id\":\"https:\\\/\\\/lbh2.de\\\/#organization\"},\"alternateName\":\"LBH\u00b2 Steuerberatung\",\"potentialAction\":[{\"@type\":\"SearchAction\",\"target\":{\"@type\":\"EntryPoint\",\"urlTemplate\":\"https:\\\/\\\/lbh2.de\\\/?s={search_term_string}\"},\"query-input\":{\"@type\":\"PropertyValueSpecification\",\"valueRequired\":true,\"valueName\":\"search_term_string\"}}],\"inLanguage\":\"nl-NL\"},{\"@type\":\"Organization\",\"@id\":\"https:\\\/\\\/lbh2.de\\\/#organization\",\"name\":\"Ley Beyel Hoff Hellmann Steuerberater PartmbB\",\"alternateName\":\"LBH\u00b2 | Ley Beyel Hoff Hellmann Steuerberater PartmbB\",\"url\":\"https:\\\/\\\/lbh2.de\\\/\",\"logo\":{\"@type\":\"ImageObject\",\"inLanguage\":\"nl-NL\",\"@id\":\"https:\\\/\\\/lbh2.de\\\/#\\\/schema\\\/logo\\\/image\\\/\",\"url\":\"https:\\\/\\\/lbh2.de\\\/wp-content\\\/uploads\\\/2024\\\/02\\\/logo_lbh2_ohne-claim.png\",\"contentUrl\":\"https:\\\/\\\/lbh2.de\\\/wp-content\\\/uploads\\\/2024\\\/02\\\/logo_lbh2_ohne-claim.png\",\"width\":1000,\"height\":524,\"caption\":\"Ley Beyel Hoff Hellmann Steuerberater PartmbB\"},\"image\":{\"@id\":\"https:\\\/\\\/lbh2.de\\\/#\\\/schema\\\/logo\\\/image\\\/\"}}]}<\/script>\n<!-- \/ Yoast SEO plugin. -->","yoast_head_json":{"title":"Verklaring over toegankelijkheid - LBH\u00b2 | Ley Beyel Hoff Hellmann Steuerberater PartmbB","robots":{"index":"index","follow":"follow","max-snippet":"max-snippet:-1","max-image-preview":"max-image-preview:large","max-video-preview":"max-video-preview:-1"},"canonical":"https:\/\/lbh2.de\/nl\/verklaring-over-toegankelijkheid\/","og_locale":"nl_NL","og_type":"article","og_title":"Erkl\u00e4rung zur Barrierefreiheit - LBH\u00b2 | Ley Beyel Hoff Hellmann Steuerberater PartmbB","og_description":"Wir (Ley Beyel Hoff Hellmann Steuerberater PartmbB) als Websitebetreiber sind bem\u00fcht, die Website in Einklang mit den einschl\u00e4gigen Vorschriften zur Barrierefreiheit zu gestalten. F\u00fcr uns gelten folgende Rechtsvorschriften: Gesetz des Landes Nordrhein-Westfalen zur Gleichstellung von Menschen mit Behinderung (Behindertengleichstellungsgesetz Nordrhein-Westfalen &#8211; BGG NRW) und Barrierefreie-Informationstechnik-Verordnung Nordrhein-Westfalen (BITVNRW). Website Diese Erkl\u00e4rung zur Barrierefreiheit gilt f\u00fcr die [&hellip;]","og_url":"https:\/\/lbh2.de\/nl\/verklaring-over-toegankelijkheid\/","og_site_name":"LBH\u00b2 | Ley Beyel Hoff Hellmann Steuerberater PartmbB","article_modified_time":"2025-05-12T10:13:58+00:00","og_image":[{"width":1920,"height":1055,"url":"https:\/\/lbh2.de\/wp-content\/uploads\/lbh2-steuerberater_Header-Images-ohne-menschen.jpg","type":"image\/jpeg"}],"twitter_card":"summary_large_image","twitter_misc":{"Verwachte leestijd":"3 minuten"},"schema":{"@context":"https:\/\/schema.org","@graph":[{"@type":"WebPage","@id":"https:\/\/lbh2.de\/erklaerung-zur-barrierefreiheit\/","url":"https:\/\/lbh2.de\/erklaerung-zur-barrierefreiheit\/","name":"Verklaring over toegankelijkheid - LBH\u00b2 | Ley Beyel Hoff Hellmann Steuerberater PartmbB","isPartOf":{"@id":"https:\/\/lbh2.de\/#website"},"primaryImageOfPage":{"@id":"https:\/\/lbh2.de\/erklaerung-zur-barrierefreiheit\/#primaryimage"},"image":{"@id":"https:\/\/lbh2.de\/erklaerung-zur-barrierefreiheit\/#primaryimage"},"thumbnailUrl":"https:\/\/lbh2.de\/wp-content\/uploads\/lbh2-steuerberater_Header-Images-ohne-menschen.jpg","datePublished":"2025-05-07T09:10:14+00:00","dateModified":"2025-05-12T10:13:58+00:00","breadcrumb":{"@id":"https:\/\/lbh2.de\/erklaerung-zur-barrierefreiheit\/#breadcrumb"},"inLanguage":"nl-NL","potentialAction":[{"@type":"ReadAction","target":["https:\/\/lbh2.de\/erklaerung-zur-barrierefreiheit\/"]}]},{"@type":"ImageObject","inLanguage":"nl-NL","@id":"https:\/\/lbh2.de\/erklaerung-zur-barrierefreiheit\/#primaryimage","url":"https:\/\/lbh2.de\/wp-content\/uploads\/lbh2-steuerberater_Header-Images-ohne-menschen.jpg","contentUrl":"https:\/\/lbh2.de\/wp-content\/uploads\/lbh2-steuerberater_Header-Images-ohne-menschen.jpg","width":1920,"height":1055,"caption":"Vier unterschiedlich hohe Rollups mit dem LBH\u00b2-Logo auf wei\u00dfem Hintergrund."},{"@type":"BreadcrumbList","@id":"https:\/\/lbh2.de\/erklaerung-zur-barrierefreiheit\/#breadcrumb","itemListElement":[{"@type":"ListItem","position":1,"name":"Startseite","item":"https:\/\/lbh2.de\/"},{"@type":"ListItem","position":2,"name":"Erkl\u00e4rung zur Barrierefreiheit"}]},{"@type":"WebSite","@id":"https:\/\/lbh2.de\/#website","url":"https:\/\/lbh2.de\/","name":"LBH\u00b2 | Ley Beyel Hoff Hellmann Belastingadviseurs PartmbB","description":"LBH\u00b2 - De formule voor uw succesvolle toekomst","publisher":{"@id":"https:\/\/lbh2.de\/#organization"},"alternateName":"LBH\u00b2 Steuerberatung","potentialAction":[{"@type":"SearchAction","target":{"@type":"EntryPoint","urlTemplate":"https:\/\/lbh2.de\/?s={search_term_string}"},"query-input":{"@type":"PropertyValueSpecification","valueRequired":true,"valueName":"search_term_string"}}],"inLanguage":"nl-NL"},{"@type":"Organization","@id":"https:\/\/lbh2.de\/#organization","name":"Ley Beyel Hoff Hellmann Belastingadviseurs PartmbB","alternateName":"LBH\u00b2 | Ley Beyel Hoff Hellmann Steuerberater PartmbB","url":"https:\/\/lbh2.de\/","logo":{"@type":"ImageObject","inLanguage":"nl-NL","@id":"https:\/\/lbh2.de\/#\/schema\/logo\/image\/","url":"https:\/\/lbh2.de\/wp-content\/uploads\/2024\/02\/logo_lbh2_ohne-claim.png","contentUrl":"https:\/\/lbh2.de\/wp-content\/uploads\/2024\/02\/logo_lbh2_ohne-claim.png","width":1000,"height":524,"caption":"Ley Beyel Hoff Hellmann Steuerberater PartmbB"},"image":{"@id":"https:\/\/lbh2.de\/#\/schema\/logo\/image\/"}}]}},"_links":{"self":[{"href":"https:\/\/lbh2.de\/nl\/wp-json\/wp\/v2\/pages\/2630","targetHints":{"allow":["GET"]}}],"collection":[{"href":"https:\/\/lbh2.de\/nl\/wp-json\/wp\/v2\/pages"}],"about":[{"href":"https:\/\/lbh2.de\/nl\/wp-json\/wp\/v2\/types\/page"}],"author":[{"embeddable":true,"href":"https:\/\/lbh2.de\/nl\/wp-json\/wp\/v2\/users\/1"}],"replies":[{"embeddable":true,"href":"https:\/\/lbh2.de\/nl\/wp-json\/wp\/v2\/comments?post=2630"}],"version-history":[{"count":10,"href":"https:\/\/lbh2.de\/nl\/wp-json\/wp\/v2\/pages\/2630\/revisions"}],"predecessor-version":[{"id":2662,"href":"https:\/\/lbh2.de\/nl\/wp-json\/wp\/v2\/pages\/2630\/revisions\/2662"}],"wp:featuredmedia":[{"embeddable":true,"href":"https:\/\/lbh2.de\/nl\/wp-json\/wp\/v2\/media\/1420"}],"wp:attachment":[{"href":"https:\/\/lbh2.de\/nl\/wp-json\/wp\/v2\/media?parent=2630"}],"curies":[{"name":"wp","href":"https:\/\/api.w.org\/{rel}","templated":true}]}}