{"id":439,"date":"2024-02-05T12:45:35","date_gmt":"2024-02-05T11:45:35","guid":{"rendered":"https:\/\/lbh2.de\/?page_id=439"},"modified":"2025-02-04T15:50:03","modified_gmt":"2025-02-04T14:50:03","slug":"service-voor-klanten-uit-de-benelux","status":"publish","type":"page","link":"https:\/\/lbh2.de\/nl\/leistungen\/service-fuer-mandanten-aus-benelux\/","title":{"rendered":"Service voor klanten uit BENELUX"},"content":{"rendered":"<div data-elementor-type=\"wp-page\" data-elementor-id=\"439\" class=\"elementor elementor-439\" data-elementor-post-type=\"page\">\n\t\t\t\t\t\t<section class=\"elementor-section elementor-top-section elementor-element elementor-element-f13e86d elementor-section-boxed elementor-section-height-default elementor-section-height-default\" data-id=\"f13e86d\" data-element_type=\"section\" data-e-type=\"section\">\n\t\t\t\t\t\t<div class=\"elementor-container elementor-column-gap-default\">\n\t\t\t\t\t<div class=\"elementor-column elementor-col-100 elementor-top-column elementor-element elementor-element-a034892\" data-id=\"a034892\" data-element_type=\"column\" data-e-type=\"column\">\n\t\t\t<div class=\"elementor-widget-wrap elementor-element-populated\">\n\t\t\t\t\t\t<div class=\"elementor-element elementor-element-137cbc8 elementor-invisible elementor-widget elementor-widget-heading\" data-id=\"137cbc8\" data-element_type=\"widget\" data-e-type=\"widget\" data-settings=\"{&quot;_animation&quot;:&quot;fadeInUp&quot;}\" data-widget_type=\"heading.default\">\n\t\t\t\t<div class=\"elementor-widget-container\">\n\t\t\t\t\t<h2 class=\"elementor-heading-title elementor-size-default\">De belastingdeskundigen <font color=\"#00ACA9\">uit de buurt <\/font><\/h2>\t\t\t\t<\/div>\n\t\t\t\t<\/div>\n\t\t\t\t<div class=\"elementor-element elementor-element-4989c7f elementor-widget-divider--view-line elementor-invisible elementor-widget elementor-widget-divider\" data-id=\"4989c7f\" data-element_type=\"widget\" data-e-type=\"widget\" data-settings=\"{&quot;_animation&quot;:&quot;fadeInUp&quot;}\" data-widget_type=\"divider.default\">\n\t\t\t\t<div class=\"elementor-widget-container\">\n\t\t\t\t\t\t\t<div class=\"elementor-divider\">\n\t\t\t<span class=\"elementor-divider-separator\">\n\t\t\t\t\t\t<\/span>\n\t\t<\/div>\n\t\t\t\t\t\t<\/div>\n\t\t\t\t<\/div>\n\t\t\t\t<div class=\"elementor-element elementor-element-093518a elementor-invisible elementor-widget elementor-widget-text-editor\" data-id=\"093518a\" data-element_type=\"widget\" data-e-type=\"widget\" data-settings=\"{&quot;_animation&quot;:&quot;fadeInUp&quot;}\" data-widget_type=\"text-editor.default\">\n\t\t\t\t<div class=\"elementor-widget-container\">\n\t\t\t\t\t\t\t\t\t<p>Als belastingadvieskantoor dicht bij de grens hebben we in het verleden al <strong>talrijke klanten uit Nederland<\/strong>. Wij hebben onder andere vele jaren ervaring in het leveren aan Nederlandse bedrijven <strong>voor startende bedrijven of de ontwikkeling van locaties<\/strong> in Duitsland. Onze diensten omvatten onder andere advies over alle belastingzaken, de <strong>Vertegenwoordiging bij autoriteiten en belastingdiensten en ondersteuning tijdens vergaderingen met banken of autoriteiten<\/strong>. Het feit dat verschillende van onze teamleden, waaronder belastingadviseur Christoph Ley, Nederlands spreken, maakt de communicatie gemakkelijker. Indien nodig hebben we ook een <strong>Netwerk van belastingkantoren in de Benelux<\/strong>met wie we in een geest van vertrouwen samenwerken.<\/p>\t\t\t\t\t\t\t\t<\/div>\n\t\t\t\t<\/div>\n\t\t\t\t<section class=\"elementor-section elementor-inner-section elementor-element elementor-element-ebd65be elementor-section-boxed elementor-section-height-default elementor-section-height-default\" data-id=\"ebd65be\" data-element_type=\"section\" data-e-type=\"section\">\n\t\t\t\t\t\t<div class=\"elementor-container elementor-column-gap-default\">\n\t\t\t\t\t<div class=\"elementor-column elementor-col-50 elementor-inner-column elementor-element elementor-element-250af3e\" data-id=\"250af3e\" data-element_type=\"column\" data-e-type=\"column\">\n\t\t\t<div class=\"elementor-widget-wrap elementor-element-populated\">\n\t\t\t\t\t\t<div class=\"elementor-element elementor-element-21f127d elementor-align-center elementor-icon-list--layout-traditional elementor-list-item-link-full_width elementor-invisible elementor-widget elementor-widget-icon-list\" data-id=\"21f127d\" data-element_type=\"widget\" data-e-type=\"widget\" data-settings=\"{&quot;_animation&quot;:&quot;fadeIn&quot;}\" data-widget_type=\"icon-list.default\">\n\t\t\t\t<div class=\"elementor-widget-container\">\n\t\t\t\t\t\t\t<ul class=\"elementor-icon-list-items\">\n\t\t\t\t\t\t\t<li class=\"elementor-icon-list-item\">\n\t\t\t\t\t\t\t\t\t\t\t<a href=\"https:\/\/lbh2.de\/nl\/diensten\/grensoverschrijdende-counseling\/\">\n\n\t\t\t\t\t\t\t\t\t\t\t<span class=\"elementor-icon-list-text\">Onze diensten voor Nederlandse klanten<\/span>\n\t\t\t\t\t\t\t\t\t\t\t<\/a>\n\t\t\t\t\t\t\t\t\t<\/li>\n\t\t\t\t\t\t<\/ul>\n\t\t\t\t\t\t<\/div>\n\t\t\t\t<\/div>\n\t\t\t\t\t<\/div>\n\t\t<\/div>\n\t\t\t\t<div class=\"elementor-column elementor-col-50 elementor-inner-column elementor-element elementor-element-5a3a5ab\" data-id=\"5a3a5ab\" data-element_type=\"column\" data-e-type=\"column\">\n\t\t\t<div class=\"elementor-widget-wrap elementor-element-populated\">\n\t\t\t\t\t\t<div class=\"elementor-element elementor-element-ce42e77 elementor-align-center elementor-icon-list--layout-traditional elementor-list-item-link-full_width elementor-invisible elementor-widget elementor-widget-icon-list\" data-id=\"ce42e77\" data-element_type=\"widget\" data-e-type=\"widget\" data-settings=\"{&quot;_animation&quot;:&quot;fadeIn&quot;}\" data-widget_type=\"icon-list.default\">\n\t\t\t\t<div class=\"elementor-widget-container\">\n\t\t\t\t\t\t\t<ul class=\"elementor-icon-list-items\">\n\t\t\t\t\t\t\t<li class=\"elementor-icon-list-item\">\n\t\t\t\t\t\t\t\t\t\t\t<a href=\"https:\/\/lbh2.de\/nl\/over-ons\/netwerk\/\">\n\n\t\t\t\t\t\t\t\t\t\t\t<span class=\"elementor-icon-list-text\">Ons netwerk in de Benelux<\/span>\n\t\t\t\t\t\t\t\t\t\t\t<\/a>\n\t\t\t\t\t\t\t\t\t<\/li>\n\t\t\t\t\t\t<\/ul>\n\t\t\t\t\t\t<\/div>\n\t\t\t\t<\/div>\n\t\t\t\t\t<\/div>\n\t\t<\/div>\n\t\t\t\t\t<\/div>\n\t\t<\/section>\n\t\t\t\t\t<\/div>\n\t\t<\/div>\n\t\t\t\t\t<\/div>\n\t\t<\/section>\n\t\t\t\t<section class=\"elementor-section elementor-top-section elementor-element elementor-element-04b97d4 elementor-section-boxed elementor-section-height-default elementor-section-height-default elementor-invisible\" data-id=\"04b97d4\" data-element_type=\"section\" data-e-type=\"section\" data-settings=\"{&quot;animation&quot;:&quot;fadeInUp&quot;}\">\n\t\t\t\t\t\t<div class=\"elementor-container elementor-column-gap-default\">\n\t\t\t\t\t<div class=\"elementor-column elementor-col-100 elementor-top-column elementor-element elementor-element-17ff72f\" data-id=\"17ff72f\" data-element_type=\"column\" data-e-type=\"column\">\n\t\t\t<div class=\"elementor-widget-wrap elementor-element-populated\">\n\t\t\t\t\t\t<div class=\"elementor-element elementor-element-f3e3d3c elementor-widget elementor-widget-template\" data-id=\"f3e3d3c\" data-element_type=\"widget\" data-e-type=\"widget\" data-widget_type=\"template.default\">\n\t\t\t\t<div class=\"elementor-widget-container\">\n\t\t\t\t\t\t\t<div class=\"elementor-template\">\n\t\t\t\t\t<div data-elementor-type=\"section\" data-elementor-id=\"474\" class=\"elementor elementor-474\" data-elementor-post-type=\"elementor_library\">\n\t\t\t<div class=\"elementor-element elementor-element-ba2abc1 e-flex e-con-boxed e-con e-parent\" data-id=\"ba2abc1\" data-element_type=\"container\" data-e-type=\"container\">\n\t\t\t\t\t<div class=\"e-con-inner\">\n\t\t\t\t<div class=\"elementor-element elementor-element-66eda85 elementor-cta--layout-image-above elementor-cta--skin-classic elementor-animated-content elementor-bg-transform elementor-bg-transform-zoom-in elementor-invisible elementor-widget elementor-widget-call-to-action\" data-id=\"66eda85\" data-element_type=\"widget\" data-e-type=\"widget\" data-settings=\"{&quot;_animation&quot;:&quot;fadeInUp&quot;}\" data-widget_type=\"call-to-action.default\">\n\t\t\t\t<div class=\"elementor-widget-container\">\n\t\t\t\t\t\t\t<div class=\"elementor-cta\">\n\t\t\t\t\t\t\t<div class=\"elementor-cta__content\">\n\t\t\t\t\n\t\t\t\t\t\t\t\t\t<h2 class=\"elementor-cta__title elementor-cta__content-item elementor-content-item\">\n\t\t\t\t\t\tNeem contact met ons op\t\t\t\t\t<\/h2>\n\t\t\t\t\n\t\t\t\t\t\t\t\t\t<div class=\"elementor-cta__description elementor-cta__content-item elementor-content-item\">\n\t\t\t\t\t\tWilt u ons leren kennen of hebt u vragen over onze diensten?\t\t\t\t\t<\/div>\n\t\t\t\t\n\t\t\t\t\t\t\t\t\t<div class=\"elementor-cta__button-wrapper elementor-cta__content-item elementor-content-item\">\n\t\t\t\t\t<a class=\"elementor-cta__button elementor-button elementor-size-md\" href=\"\/nl\/neem-contact-op-met\/\" target=\"_blank\">\n\t\t\t\t\t\tNeem contact op\t\t\t\t\t<\/a>\n\t\t\t\t\t<\/div>\n\t\t\t\t\t\t\t<\/div>\n\t\t\t\t\t\t<\/div>\n\t\t\t\t\t\t<\/div>\n\t\t\t\t<\/div>\n\t\t\t\t\t<\/div>\n\t\t\t\t<\/div>\n\t\t\t\t<\/div>\n\t\t\t\t<\/div>\n\t\t\t\t\t\t<\/div>\n\t\t\t\t<\/div>\n\t\t\t\t\t<\/div>\n\t\t<\/div>\n\t\t\t\t\t<\/div>\n\t\t<\/section>\n\t\t\t\t<\/div>","protected":false},"excerpt":{"rendered":"<p>Die Steuer-Experten aus der Nachbarschaft Als grenznahe Steuerberatungskanzlei haben wir in der Vergangenheit bereits zahlreiche Mandantinnen und Mandanten aus den Niederlanden betreut. Unter anderem verf\u00fcgen wir \u00fcber langj\u00e4hrige Erfahrungen, niederl\u00e4ndische Unternehmen bei Neugr\u00fcndungen oder dem Aufbau von Standorten in Deutschland zu unterst\u00fctzen. Unsere Leistungen umfassen dabei unter anderem die Beratung in allen steuerlichen Belangen, die [&hellip;]<\/p>\n","protected":false},"author":1,"featured_media":2304,"parent":140,"menu_order":0,"comment_status":"closed","ping_status":"closed","template":"","meta":{"footnotes":""},"class_list":["post-439","page","type-page","status-publish","has-post-thumbnail","hentry"],"yoast_head":"<!-- This site is optimized with the Yoast SEO plugin v27.4 - https:\/\/yoast.com\/product\/yoast-seo-wordpress\/ -->\n<title>Service f\u00fcr Mandanten aus BENELUX - LBH\u00b2 | Ley Beyel Hoff Hellmann Steuerberater PartmbB<\/title>\n<meta name=\"robots\" content=\"index, follow, max-snippet:-1, max-image-preview:large, max-video-preview:-1\" \/>\n<link rel=\"canonical\" href=\"https:\/\/lbh2.de\/nl\/diensten\/service-voor-klanten-uit-de-benelux\/\" \/>\n<meta property=\"og:locale\" content=\"nl_NL\" \/>\n<meta property=\"og:type\" content=\"article\" \/>\n<meta property=\"og:title\" content=\"Service f\u00fcr Mandanten aus BENELUX - LBH\u00b2 | Ley Beyel Hoff Hellmann Steuerberater PartmbB\" \/>\n<meta property=\"og:description\" content=\"Die Steuer-Experten aus der Nachbarschaft Als grenznahe Steuerberatungskanzlei haben wir in der Vergangenheit bereits zahlreiche Mandantinnen und Mandanten aus den Niederlanden betreut. Unter anderem verf\u00fcgen wir \u00fcber langj\u00e4hrige Erfahrungen, niederl\u00e4ndische Unternehmen bei Neugr\u00fcndungen oder dem Aufbau von Standorten in Deutschland zu unterst\u00fctzen. Unsere Leistungen umfassen dabei unter anderem die Beratung in allen steuerlichen Belangen, die [&hellip;]\" \/>\n<meta property=\"og:url\" content=\"https:\/\/lbh2.de\/nl\/diensten\/service-voor-klanten-uit-de-benelux\/\" \/>\n<meta property=\"og:site_name\" content=\"LBH\u00b2 | Ley Beyel Hoff Hellmann Steuerberater PartmbB\" \/>\n<meta property=\"article:modified_time\" content=\"2025-02-04T14:50:03+00:00\" \/>\n<meta property=\"og:image\" content=\"https:\/\/lbh2.de\/wp-content\/uploads\/lbh2-steuerberater_header-images_gruppe_06.jpg\" \/>\n\t<meta property=\"og:image:width\" content=\"1920\" \/>\n\t<meta property=\"og:image:height\" content=\"1055\" \/>\n\t<meta property=\"og:image:type\" content=\"image\/jpeg\" \/>\n<meta name=\"twitter:card\" content=\"summary_large_image\" \/>\n<meta name=\"twitter:label1\" content=\"Verwachte leestijd\" \/>\n\t<meta name=\"twitter:data1\" content=\"1 minuut\" \/>\n<script type=\"application\/ld+json\" class=\"yoast-schema-graph\">{\"@context\":\"https:\\\/\\\/schema.org\",\"@graph\":[{\"@type\":\"WebPage\",\"@id\":\"https:\\\/\\\/lbh2.de\\\/leistungen\\\/service-fuer-mandanten-aus-benelux\\\/\",\"url\":\"https:\\\/\\\/lbh2.de\\\/leistungen\\\/service-fuer-mandanten-aus-benelux\\\/\",\"name\":\"Service f\u00fcr Mandanten aus BENELUX - LBH\u00b2 | Ley Beyel Hoff Hellmann Steuerberater PartmbB\",\"isPartOf\":{\"@id\":\"https:\\\/\\\/lbh2.de\\\/#website\"},\"primaryImageOfPage\":{\"@id\":\"https:\\\/\\\/lbh2.de\\\/leistungen\\\/service-fuer-mandanten-aus-benelux\\\/#primaryimage\"},\"image\":{\"@id\":\"https:\\\/\\\/lbh2.de\\\/leistungen\\\/service-fuer-mandanten-aus-benelux\\\/#primaryimage\"},\"thumbnailUrl\":\"https:\\\/\\\/lbh2.de\\\/wp-content\\\/uploads\\\/lbh2-steuerberater_header-images_gruppe_06.jpg\",\"datePublished\":\"2024-02-05T11:45:35+00:00\",\"dateModified\":\"2025-02-04T14:50:03+00:00\",\"breadcrumb\":{\"@id\":\"https:\\\/\\\/lbh2.de\\\/leistungen\\\/service-fuer-mandanten-aus-benelux\\\/#breadcrumb\"},\"inLanguage\":\"nl-NL\",\"potentialAction\":[{\"@type\":\"ReadAction\",\"target\":[\"https:\\\/\\\/lbh2.de\\\/leistungen\\\/service-fuer-mandanten-aus-benelux\\\/\"]}]},{\"@type\":\"ImageObject\",\"inLanguage\":\"nl-NL\",\"@id\":\"https:\\\/\\\/lbh2.de\\\/leistungen\\\/service-fuer-mandanten-aus-benelux\\\/#primaryimage\",\"url\":\"https:\\\/\\\/lbh2.de\\\/wp-content\\\/uploads\\\/lbh2-steuerberater_header-images_gruppe_06.jpg\",\"contentUrl\":\"https:\\\/\\\/lbh2.de\\\/wp-content\\\/uploads\\\/lbh2-steuerberater_header-images_gruppe_06.jpg\",\"width\":1920,\"height\":1055,\"caption\":\"Gruppe von vier Businesspersonen, l\u00e4chelnd neben dem markanten LBH2-Logo in Wei\u00df und T\u00fcrkis.\"},{\"@type\":\"BreadcrumbList\",\"@id\":\"https:\\\/\\\/lbh2.de\\\/leistungen\\\/service-fuer-mandanten-aus-benelux\\\/#breadcrumb\",\"itemListElement\":[{\"@type\":\"ListItem\",\"position\":1,\"name\":\"Startseite\",\"item\":\"https:\\\/\\\/lbh2.de\\\/\"},{\"@type\":\"ListItem\",\"position\":2,\"name\":\"Leistungen\",\"item\":\"https:\\\/\\\/lbh2.de\\\/leistungen\\\/\"},{\"@type\":\"ListItem\",\"position\":3,\"name\":\"Service f\u00fcr Mandanten aus BENELUX\"}]},{\"@type\":\"WebSite\",\"@id\":\"https:\\\/\\\/lbh2.de\\\/#website\",\"url\":\"https:\\\/\\\/lbh2.de\\\/\",\"name\":\"LBH\u00b2 | Ley Beyel Hoff Hellmann Steuerberater PartmbB\",\"description\":\"LBH\u00b2 - Die Formel f\u00fcr Ihre erfolgreiche Zukunft\",\"publisher\":{\"@id\":\"https:\\\/\\\/lbh2.de\\\/#organization\"},\"alternateName\":\"LBH\u00b2 Steuerberatung\",\"potentialAction\":[{\"@type\":\"SearchAction\",\"target\":{\"@type\":\"EntryPoint\",\"urlTemplate\":\"https:\\\/\\\/lbh2.de\\\/?s={search_term_string}\"},\"query-input\":{\"@type\":\"PropertyValueSpecification\",\"valueRequired\":true,\"valueName\":\"search_term_string\"}}],\"inLanguage\":\"nl-NL\"},{\"@type\":\"Organization\",\"@id\":\"https:\\\/\\\/lbh2.de\\\/#organization\",\"name\":\"Ley Beyel Hoff Hellmann Steuerberater PartmbB\",\"alternateName\":\"LBH\u00b2 | Ley Beyel Hoff Hellmann Steuerberater PartmbB\",\"url\":\"https:\\\/\\\/lbh2.de\\\/\",\"logo\":{\"@type\":\"ImageObject\",\"inLanguage\":\"nl-NL\",\"@id\":\"https:\\\/\\\/lbh2.de\\\/#\\\/schema\\\/logo\\\/image\\\/\",\"url\":\"https:\\\/\\\/lbh2.de\\\/wp-content\\\/uploads\\\/2024\\\/02\\\/logo_lbh2_ohne-claim.png\",\"contentUrl\":\"https:\\\/\\\/lbh2.de\\\/wp-content\\\/uploads\\\/2024\\\/02\\\/logo_lbh2_ohne-claim.png\",\"width\":1000,\"height\":524,\"caption\":\"Ley Beyel Hoff Hellmann Steuerberater PartmbB\"},\"image\":{\"@id\":\"https:\\\/\\\/lbh2.de\\\/#\\\/schema\\\/logo\\\/image\\\/\"}}]}<\/script>\n<!-- \/ Yoast SEO plugin. -->","yoast_head_json":{"title":"Service voor klanten uit BENELUX - LBH\u00b2 | Ley Beyel Hoff Hellmann Steuerberater PartmbB","robots":{"index":"index","follow":"follow","max-snippet":"max-snippet:-1","max-image-preview":"max-image-preview:large","max-video-preview":"max-video-preview:-1"},"canonical":"https:\/\/lbh2.de\/nl\/diensten\/service-voor-klanten-uit-de-benelux\/","og_locale":"nl_NL","og_type":"article","og_title":"Service f\u00fcr Mandanten aus BENELUX - LBH\u00b2 | Ley Beyel Hoff Hellmann Steuerberater PartmbB","og_description":"Die Steuer-Experten aus der Nachbarschaft Als grenznahe Steuerberatungskanzlei haben wir in der Vergangenheit bereits zahlreiche Mandantinnen und Mandanten aus den Niederlanden betreut. Unter anderem verf\u00fcgen wir \u00fcber langj\u00e4hrige Erfahrungen, niederl\u00e4ndische Unternehmen bei Neugr\u00fcndungen oder dem Aufbau von Standorten in Deutschland zu unterst\u00fctzen. Unsere Leistungen umfassen dabei unter anderem die Beratung in allen steuerlichen Belangen, die [&hellip;]","og_url":"https:\/\/lbh2.de\/nl\/diensten\/service-voor-klanten-uit-de-benelux\/","og_site_name":"LBH\u00b2 | Ley Beyel Hoff Hellmann Steuerberater PartmbB","article_modified_time":"2025-02-04T14:50:03+00:00","og_image":[{"width":1920,"height":1055,"url":"https:\/\/lbh2.de\/wp-content\/uploads\/lbh2-steuerberater_header-images_gruppe_06.jpg","type":"image\/jpeg"}],"twitter_card":"summary_large_image","twitter_misc":{"Verwachte leestijd":"1 minuut"},"schema":{"@context":"https:\/\/schema.org","@graph":[{"@type":"WebPage","@id":"https:\/\/lbh2.de\/leistungen\/service-fuer-mandanten-aus-benelux\/","url":"https:\/\/lbh2.de\/leistungen\/service-fuer-mandanten-aus-benelux\/","name":"Service voor klanten uit BENELUX - LBH\u00b2 | Ley Beyel Hoff Hellmann Steuerberater PartmbB","isPartOf":{"@id":"https:\/\/lbh2.de\/#website"},"primaryImageOfPage":{"@id":"https:\/\/lbh2.de\/leistungen\/service-fuer-mandanten-aus-benelux\/#primaryimage"},"image":{"@id":"https:\/\/lbh2.de\/leistungen\/service-fuer-mandanten-aus-benelux\/#primaryimage"},"thumbnailUrl":"https:\/\/lbh2.de\/wp-content\/uploads\/lbh2-steuerberater_header-images_gruppe_06.jpg","datePublished":"2024-02-05T11:45:35+00:00","dateModified":"2025-02-04T14:50:03+00:00","breadcrumb":{"@id":"https:\/\/lbh2.de\/leistungen\/service-fuer-mandanten-aus-benelux\/#breadcrumb"},"inLanguage":"nl-NL","potentialAction":[{"@type":"ReadAction","target":["https:\/\/lbh2.de\/leistungen\/service-fuer-mandanten-aus-benelux\/"]}]},{"@type":"ImageObject","inLanguage":"nl-NL","@id":"https:\/\/lbh2.de\/leistungen\/service-fuer-mandanten-aus-benelux\/#primaryimage","url":"https:\/\/lbh2.de\/wp-content\/uploads\/lbh2-steuerberater_header-images_gruppe_06.jpg","contentUrl":"https:\/\/lbh2.de\/wp-content\/uploads\/lbh2-steuerberater_header-images_gruppe_06.jpg","width":1920,"height":1055,"caption":"Gruppe von vier Businesspersonen, l\u00e4chelnd neben dem markanten LBH2-Logo in Wei\u00df und T\u00fcrkis."},{"@type":"BreadcrumbList","@id":"https:\/\/lbh2.de\/leistungen\/service-fuer-mandanten-aus-benelux\/#breadcrumb","itemListElement":[{"@type":"ListItem","position":1,"name":"Startseite","item":"https:\/\/lbh2.de\/"},{"@type":"ListItem","position":2,"name":"Leistungen","item":"https:\/\/lbh2.de\/leistungen\/"},{"@type":"ListItem","position":3,"name":"Service f\u00fcr Mandanten aus BENELUX"}]},{"@type":"WebSite","@id":"https:\/\/lbh2.de\/#website","url":"https:\/\/lbh2.de\/","name":"LBH\u00b2 | Ley Beyel Hoff Hellmann Belastingadviseurs PartmbB","description":"LBH\u00b2 - De formule voor uw succesvolle toekomst","publisher":{"@id":"https:\/\/lbh2.de\/#organization"},"alternateName":"LBH\u00b2 Steuerberatung","potentialAction":[{"@type":"SearchAction","target":{"@type":"EntryPoint","urlTemplate":"https:\/\/lbh2.de\/?s={search_term_string}"},"query-input":{"@type":"PropertyValueSpecification","valueRequired":true,"valueName":"search_term_string"}}],"inLanguage":"nl-NL"},{"@type":"Organization","@id":"https:\/\/lbh2.de\/#organization","name":"Ley Beyel Hoff Hellmann Belastingadviseurs PartmbB","alternateName":"LBH\u00b2 | Ley Beyel Hoff Hellmann Steuerberater PartmbB","url":"https:\/\/lbh2.de\/","logo":{"@type":"ImageObject","inLanguage":"nl-NL","@id":"https:\/\/lbh2.de\/#\/schema\/logo\/image\/","url":"https:\/\/lbh2.de\/wp-content\/uploads\/2024\/02\/logo_lbh2_ohne-claim.png","contentUrl":"https:\/\/lbh2.de\/wp-content\/uploads\/2024\/02\/logo_lbh2_ohne-claim.png","width":1000,"height":524,"caption":"Ley Beyel Hoff Hellmann Steuerberater PartmbB"},"image":{"@id":"https:\/\/lbh2.de\/#\/schema\/logo\/image\/"}}]}},"_links":{"self":[{"href":"https:\/\/lbh2.de\/nl\/wp-json\/wp\/v2\/pages\/439","targetHints":{"allow":["GET"]}}],"collection":[{"href":"https:\/\/lbh2.de\/nl\/wp-json\/wp\/v2\/pages"}],"about":[{"href":"https:\/\/lbh2.de\/nl\/wp-json\/wp\/v2\/types\/page"}],"author":[{"embeddable":true,"href":"https:\/\/lbh2.de\/nl\/wp-json\/wp\/v2\/users\/1"}],"replies":[{"embeddable":true,"href":"https:\/\/lbh2.de\/nl\/wp-json\/wp\/v2\/comments?post=439"}],"version-history":[{"count":20,"href":"https:\/\/lbh2.de\/nl\/wp-json\/wp\/v2\/pages\/439\/revisions"}],"predecessor-version":[{"id":1102,"href":"https:\/\/lbh2.de\/nl\/wp-json\/wp\/v2\/pages\/439\/revisions\/1102"}],"up":[{"embeddable":true,"href":"https:\/\/lbh2.de\/nl\/wp-json\/wp\/v2\/pages\/140"}],"wp:featuredmedia":[{"embeddable":true,"href":"https:\/\/lbh2.de\/nl\/wp-json\/wp\/v2\/media\/2304"}],"wp:attachment":[{"href":"https:\/\/lbh2.de\/nl\/wp-json\/wp\/v2\/media?parent=439"}],"curies":[{"name":"wp","href":"https:\/\/api.w.org\/{rel}","templated":true}]}}