{"id":551,"date":"2024-02-05T13:53:54","date_gmt":"2024-02-05T12:53:54","guid":{"rendered":"https:\/\/lbh2.de\/?page_id=551"},"modified":"2026-04-21T15:37:01","modified_gmt":"2026-04-21T13:37:01","slug":"toewijding-sociale-verantwoordelijkheid","status":"publish","type":"page","link":"https:\/\/lbh2.de\/nl\/ueber-uns\/engagement-soziale-verantwortung\/","title":{"rendered":"Betrokkenheid &amp; sociale verantwoordelijkheid"},"content":{"rendered":"<div data-elementor-type=\"wp-page\" data-elementor-id=\"551\" class=\"elementor elementor-551\" data-elementor-post-type=\"page\">\n\t\t\t\t\t\t<section class=\"elementor-section elementor-top-section elementor-element elementor-element-f99dc8e elementor-section-boxed elementor-section-height-default elementor-section-height-default\" data-id=\"f99dc8e\" data-element_type=\"section\" data-e-type=\"section\">\n\t\t\t\t\t\t<div class=\"elementor-container elementor-column-gap-default\">\n\t\t\t\t\t<div class=\"elementor-column elementor-col-100 elementor-top-column elementor-element elementor-element-a214202\" data-id=\"a214202\" data-element_type=\"column\" data-e-type=\"column\">\n\t\t\t<div class=\"elementor-widget-wrap elementor-element-populated\">\n\t\t\t\t\t\t<div class=\"elementor-element elementor-element-db84c10 elementor-invisible elementor-widget elementor-widget-heading\" data-id=\"db84c10\" data-element_type=\"widget\" data-e-type=\"widget\" data-settings=\"{&quot;_animation&quot;:&quot;fadeInUp&quot;}\" data-widget_type=\"heading.default\">\n\t\t\t\t<div class=\"elementor-widget-container\">\n\t\t\t\t\t<h2 class=\"elementor-heading-title elementor-size-default\">Wij nemen over <font color=\"#00ACA9\">Verantwoordelijkheid<\/font><\/h2>\t\t\t\t<\/div>\n\t\t\t\t<\/div>\n\t\t\t\t<div class=\"elementor-element elementor-element-a68057b elementor-widget-divider--view-line elementor-invisible elementor-widget elementor-widget-divider\" data-id=\"a68057b\" data-element_type=\"widget\" data-e-type=\"widget\" data-settings=\"{&quot;_animation&quot;:&quot;fadeInUp&quot;}\" data-widget_type=\"divider.default\">\n\t\t\t\t<div class=\"elementor-widget-container\">\n\t\t\t\t\t\t\t<div class=\"elementor-divider\">\n\t\t\t<span class=\"elementor-divider-separator\">\n\t\t\t\t\t\t<\/span>\n\t\t<\/div>\n\t\t\t\t\t\t<\/div>\n\t\t\t\t<\/div>\n\t\t\t\t<div class=\"elementor-element elementor-element-902229d elementor-invisible elementor-widget elementor-widget-text-editor\" data-id=\"902229d\" data-element_type=\"widget\" data-e-type=\"widget\" data-settings=\"{&quot;_animation&quot;:&quot;fadeInUp&quot;}\" data-widget_type=\"text-editor.default\">\n\t\t\t\t<div class=\"elementor-widget-container\">\n\t\t\t\t\t\t\t\t\t<p>De gemeenschappen waarin we leven, <b>zijn erg belangrijk voor ons<\/b>. Daarom zetten wij ons in voor verschillende hulporganisaties en verenigingen in de regio. In veel gevallen gaat onze betrokkenheid verder dan alleen donaties.<\/p>\t\t\t\t\t\t\t\t<\/div>\n\t\t\t\t<\/div>\n\t\t\t\t<div class=\"elementor-element elementor-element-1d6c08d elementor-widget elementor-widget-heading\" data-id=\"1d6c08d\" data-element_type=\"widget\" data-e-type=\"widget\" data-widget_type=\"heading.default\">\n\t\t\t\t<div class=\"elementor-widget-container\">\n\t\t\t\t\t<h3 class=\"elementor-heading-title elementor-size-default\">Hier volgen enkele voorbeelden:<\/h3>\t\t\t\t<\/div>\n\t\t\t\t<\/div>\n\t\t\t\t<section class=\"elementor-section elementor-inner-section elementor-element elementor-element-db83afd elementor-section-boxed elementor-section-height-default elementor-section-height-default\" data-id=\"db83afd\" data-element_type=\"section\" data-e-type=\"section\">\n\t\t\t\t\t\t<div class=\"elementor-container elementor-column-gap-default\">\n\t\t\t\t\t<div class=\"elementor-column elementor-col-25 elementor-inner-column elementor-element elementor-element-00a0649\" data-id=\"00a0649\" data-element_type=\"column\" data-e-type=\"column\">\n\t\t\t<div class=\"elementor-widget-wrap elementor-element-populated\">\n\t\t\t\t\t\t<div class=\"elementor-element elementor-element-0ad9a95 elementor-position-top elementor-widget elementor-widget-image-box\" data-id=\"0ad9a95\" data-element_type=\"widget\" data-e-type=\"widget\" data-widget_type=\"image-box.default\">\n\t\t\t\t<div class=\"elementor-widget-container\">\n\t\t\t\t\t<div class=\"elementor-image-box-wrapper\"><figure class=\"elementor-image-box-img\"><a href=\"https:\/\/medeor.de\/de\/spenden-und-helfen\/csr\/unternehmer-initiative-niederrhein\" target=\"_blank\" rel=\"nofollow\" tabindex=\"-1\"><img fetchpriority=\"high\" decoding=\"async\" width=\"300\" height=\"210\" src=\"https:\/\/lbh2.de\/wp-content\/uploads\/2024\/02\/lbh2-engagement_logo-action-medeor-300x210.jpg\" class=\"elementor-animation-grow attachment-medium size-medium wp-image-554\" alt=\"Blauw action medeor-logo met wereldbol en handmotief aan de linkerkant en belettering aan de rechterkant.\" srcset=\"https:\/\/lbh2.de\/wp-content\/uploads\/2024\/02\/lbh2-engagement_logo-action-medeor-300x210.jpg 300w, https:\/\/lbh2.de\/wp-content\/uploads\/2024\/02\/lbh2-engagement_logo-action-medeor.jpg 500w\" sizes=\"(max-width: 300px) 100vw, 300px\" \/><\/a><\/figure><div class=\"elementor-image-box-content\"><p class=\"elementor-image-box-description\">Actie Medeor, Unternehmer-Initiative Niederrhein<\/p><\/div><\/div>\t\t\t\t<\/div>\n\t\t\t\t<\/div>\n\t\t\t\t\t<\/div>\n\t\t<\/div>\n\t\t\t\t<div class=\"elementor-column elementor-col-25 elementor-inner-column elementor-element elementor-element-f69944d\" data-id=\"f69944d\" data-element_type=\"column\" data-e-type=\"column\">\n\t\t\t<div class=\"elementor-widget-wrap elementor-element-populated\">\n\t\t\t\t\t\t<div class=\"elementor-element elementor-element-7228561 elementor-position-top elementor-widget elementor-widget-image-box\" data-id=\"7228561\" data-element_type=\"widget\" data-e-type=\"widget\" data-widget_type=\"image-box.default\">\n\t\t\t\t<div class=\"elementor-widget-container\">\n\t\t\t\t\t<div class=\"elementor-image-box-wrapper\"><figure class=\"elementor-image-box-img\"><a href=\"https:\/\/www.tvlobberich.de\" target=\"_blank\" rel=\"nofollow\" tabindex=\"-1\"><img decoding=\"async\" width=\"300\" height=\"210\" src=\"https:\/\/lbh2.de\/wp-content\/uploads\/2024\/02\/lbh2-engagement_logo-tv-lobberich-300x210.jpg\" class=\"elementor-animation-grow attachment-medium size-medium wp-image-556\" alt=\"Rood, ovaal clublogo met wit kruis en &quot;TV Lobberich 1861 e.V.&quot; opschrift.\" srcset=\"https:\/\/lbh2.de\/wp-content\/uploads\/2024\/02\/lbh2-engagement_logo-tv-lobberich-300x210.jpg 300w, https:\/\/lbh2.de\/wp-content\/uploads\/2024\/02\/lbh2-engagement_logo-tv-lobberich.jpg 500w\" sizes=\"(max-width: 300px) 100vw, 300px\" \/><\/a><\/figure><div class=\"elementor-image-box-content\"><p class=\"elementor-image-box-description\">TV Lobberich e.V. <\/p><\/div><\/div>\t\t\t\t<\/div>\n\t\t\t\t<\/div>\n\t\t\t\t\t<\/div>\n\t\t<\/div>\n\t\t\t\t<div class=\"elementor-column elementor-col-25 elementor-inner-column elementor-element elementor-element-f43cf6c\" data-id=\"f43cf6c\" data-element_type=\"column\" data-e-type=\"column\">\n\t\t\t<div class=\"elementor-widget-wrap elementor-element-populated\">\n\t\t\t\t\t\t<div class=\"elementor-element elementor-element-7c95950 elementor-position-top elementor-widget elementor-widget-image-box\" data-id=\"7c95950\" data-element_type=\"widget\" data-e-type=\"widget\" data-widget_type=\"image-box.default\">\n\t\t\t\t<div class=\"elementor-widget-container\">\n\t\t\t\t\t<div class=\"elementor-image-box-wrapper\"><figure class=\"elementor-image-box-img\"><a href=\"https:\/\/unternehmerkreis-kempen.de\/\" target=\"_blank\" rel=\"nofollow\" tabindex=\"-1\"><img decoding=\"async\" width=\"300\" height=\"210\" src=\"https:\/\/lbh2.de\/wp-content\/uploads\/2024\/02\/lbh2-engagement_logo-unternehmerkreis-kempen-300x210.jpg\" class=\"elementor-animation-grow attachment-medium size-medium wp-image-576\" alt=\"Logo van Unternehmerkreis Kempen e.V. met blauwe en roze letters &quot;UKK&quot; en zwarte letters.\" srcset=\"https:\/\/lbh2.de\/wp-content\/uploads\/2024\/02\/lbh2-engagement_logo-unternehmerkreis-kempen-300x210.jpg 300w, https:\/\/lbh2.de\/wp-content\/uploads\/2024\/02\/lbh2-engagement_logo-unternehmerkreis-kempen.jpg 500w\" sizes=\"(max-width: 300px) 100vw, 300px\" \/><\/a><\/figure><div class=\"elementor-image-box-content\"><p class=\"elementor-image-box-description\">Unternehmerkreis Kempen e.V.<\/p><\/div><\/div>\t\t\t\t<\/div>\n\t\t\t\t<\/div>\n\t\t\t\t\t<\/div>\n\t\t<\/div>\n\t\t\t\t<div class=\"elementor-column elementor-col-25 elementor-inner-column elementor-element elementor-element-913764a\" data-id=\"913764a\" data-element_type=\"column\" data-e-type=\"column\">\n\t\t\t<div class=\"elementor-widget-wrap elementor-element-populated\">\n\t\t\t\t\t\t<div class=\"elementor-element elementor-element-d97ff38 elementor-position-top elementor-widget elementor-widget-image-box\" data-id=\"d97ff38\" data-element_type=\"widget\" data-e-type=\"widget\" data-widget_type=\"image-box.default\">\n\t\t\t\t<div class=\"elementor-widget-container\">\n\t\t\t\t\t<div class=\"elementor-image-box-wrapper\"><figure class=\"elementor-image-box-img\"><a href=\"https:\/\/www.awa-viersen.de\/\" target=\"_blank\" rel=\"nofollow\" tabindex=\"-1\"><img loading=\"lazy\" decoding=\"async\" width=\"300\" height=\"210\" src=\"https:\/\/lbh2.de\/wp-content\/uploads\/2024\/02\/lbh2-engagement_logo-awa-viersen-300x210.jpg\" class=\"elementor-animation-grow attachment-medium size-medium wp-image-555\" alt=\"Logo van awa-viersen e.V. met twee omhelzende silhouetten in een oranje hartvormig frame.\" srcset=\"https:\/\/lbh2.de\/wp-content\/uploads\/2024\/02\/lbh2-engagement_logo-awa-viersen-300x210.jpg 300w, https:\/\/lbh2.de\/wp-content\/uploads\/2024\/02\/lbh2-engagement_logo-awa-viersen.jpg 500w\" sizes=\"(max-width: 300px) 100vw, 300px\" \/><\/a><\/figure><div class=\"elementor-image-box-content\"><p class=\"elementor-image-box-description\">Actiegemeenschap Viersen-West-Afrika (AWA) <\/p><\/div><\/div>\t\t\t\t<\/div>\n\t\t\t\t<\/div>\n\t\t\t\t\t<\/div>\n\t\t<\/div>\n\t\t\t\t\t<\/div>\n\t\t<\/section>\n\t\t\t\t<section class=\"elementor-section elementor-inner-section elementor-element elementor-element-cf9f8be elementor-section-boxed elementor-section-height-default elementor-section-height-default\" data-id=\"cf9f8be\" data-element_type=\"section\" data-e-type=\"section\">\n\t\t\t\t\t\t<div class=\"elementor-container elementor-column-gap-default\">\n\t\t\t\t\t<div class=\"elementor-column elementor-col-25 elementor-inner-column elementor-element elementor-element-bef34c2\" data-id=\"bef34c2\" data-element_type=\"column\" data-e-type=\"column\">\n\t\t\t<div class=\"elementor-widget-wrap elementor-element-populated\">\n\t\t\t\t\t\t<div class=\"elementor-element elementor-element-d16b4cf elementor-position-top elementor-widget elementor-widget-image-box\" data-id=\"d16b4cf\" data-element_type=\"widget\" data-e-type=\"widget\" data-widget_type=\"image-box.default\">\n\t\t\t\t<div class=\"elementor-widget-container\">\n\t\t\t\t\t<div class=\"elementor-image-box-wrapper\"><figure class=\"elementor-image-box-img\"><a href=\"https:\/\/base-l.de\" target=\"_blank\" rel=\"nofollow\" tabindex=\"-1\"><img loading=\"lazy\" decoding=\"async\" width=\"300\" height=\"210\" src=\"https:\/\/lbh2.de\/wp-content\/uploads\/2024\/02\/lbh2-engagement_logo-basel-nettetal-300x210.jpg\" class=\"elementor-animation-grow attachment-medium size-medium wp-image-557\" alt=\"Logo van baseL nettetal e.V. met gele strik en blauwe letters in een creatief lettertype.\" srcset=\"https:\/\/lbh2.de\/wp-content\/uploads\/2024\/02\/lbh2-engagement_logo-basel-nettetal-300x210.jpg 300w, https:\/\/lbh2.de\/wp-content\/uploads\/2024\/02\/lbh2-engagement_logo-basel-nettetal.jpg 500w\" sizes=\"(max-width: 300px) 100vw, 300px\" \/><\/a><\/figure><div class=\"elementor-image-box-content\"><p class=\"elementor-image-box-description\">baseL nettetal e.V.<\/p><\/div><\/div>\t\t\t\t<\/div>\n\t\t\t\t<\/div>\n\t\t\t\t\t<\/div>\n\t\t<\/div>\n\t\t\t\t<div class=\"elementor-column elementor-col-25 elementor-inner-column elementor-element elementor-element-a560775\" data-id=\"a560775\" data-element_type=\"column\" data-e-type=\"column\">\n\t\t\t<div class=\"elementor-widget-wrap elementor-element-populated\">\n\t\t\t\t\t\t<div class=\"elementor-element elementor-element-77b44e5 elementor-position-top elementor-widget elementor-widget-image-box\" data-id=\"77b44e5\" data-element_type=\"widget\" data-e-type=\"widget\" data-widget_type=\"image-box.default\">\n\t\t\t\t<div class=\"elementor-widget-container\">\n\t\t\t\t\t<div class=\"elementor-image-box-wrapper\"><figure class=\"elementor-image-box-img\"><a href=\"https:\/\/www.vianobis-jugendhilfe.alexianer.de\/unternehmen\/wir-ueber-uns\/freunde-foerderer\/freundeskreis\" target=\"_blank\" rel=\"nofollow\" tabindex=\"-1\"><img loading=\"lazy\" decoding=\"async\" width=\"300\" height=\"300\" src=\"https:\/\/lbh2.de\/wp-content\/uploads\/image001-300x300.jpg\" class=\"elementor-animation-grow attachment-medium size-medium wp-image-2991\" alt=\"Logo Freundeskreis Jugendhilfe Schloss Dillborn\" srcset=\"https:\/\/lbh2.de\/wp-content\/uploads\/image001-300x300.jpg 300w, https:\/\/lbh2.de\/wp-content\/uploads\/image001-1024x1024.jpg 1024w, https:\/\/lbh2.de\/wp-content\/uploads\/image001-150x150.jpg 150w, https:\/\/lbh2.de\/wp-content\/uploads\/image001-768x768.jpg 768w, https:\/\/lbh2.de\/wp-content\/uploads\/image001-12x12.jpg 12w, https:\/\/lbh2.de\/wp-content\/uploads\/image001.jpg 1234w\" sizes=\"(max-width: 300px) 100vw, 300px\" \/><\/a><\/figure><div class=\"elementor-image-box-content\"><p class=\"elementor-image-box-description\">VRIENDENKRING\nJugendhilfe Schloss Dilborn e.V.<\/p><\/div><\/div>\t\t\t\t<\/div>\n\t\t\t\t<\/div>\n\t\t\t\t\t<\/div>\n\t\t<\/div>\n\t\t\t\t<div class=\"elementor-column elementor-col-25 elementor-inner-column elementor-element elementor-element-028d4c7\" data-id=\"028d4c7\" data-element_type=\"column\" data-e-type=\"column\">\n\t\t\t<div class=\"elementor-widget-wrap\">\n\t\t\t\t\t\t\t<\/div>\n\t\t<\/div>\n\t\t\t\t<div class=\"elementor-column elementor-col-25 elementor-inner-column elementor-element elementor-element-44c9f13\" data-id=\"44c9f13\" data-element_type=\"column\" data-e-type=\"column\">\n\t\t\t<div class=\"elementor-widget-wrap\">\n\t\t\t\t\t\t\t<\/div>\n\t\t<\/div>\n\t\t\t\t\t<\/div>\n\t\t<\/section>\n\t\t\t\t\t<\/div>\n\t\t<\/div>\n\t\t\t\t\t<\/div>\n\t\t<\/section>\n\t\t\t\t<\/div>","protected":false},"excerpt":{"rendered":"<p>Wir \u00fcbernehmen Verantwortung Die Gemeinschaften, in denen wir leben, liegen uns sehr am Herzen. Daher engagieren wir uns f\u00fcr verschiedene Hilfsorganisationen und Vereine in der Region. Unser Einsatz geht dabei in vielen F\u00e4llen \u00fcber das reine Spenden hinaus. Hier einige Beispiele: Action Medeor, Unternehmer-Initiative Niederrhein TV Lobberich e.V. Unternehmerkreis Kempen e.V. Aktionsgemeinschaft Viersen-West-Afrika (AWA) baseL [&hellip;]<\/p>\n","protected":false},"author":1,"featured_media":2304,"parent":111,"menu_order":0,"comment_status":"closed","ping_status":"closed","template":"","meta":{"footnotes":""},"class_list":["post-551","page","type-page","status-publish","has-post-thumbnail","hentry"],"yoast_head":"<!-- This site is optimized with the Yoast SEO plugin v27.4 - https:\/\/yoast.com\/product\/yoast-seo-wordpress\/ -->\n<title>Engagement &amp; Soziale Verantwortung - LBH\u00b2 | Ley Beyel Hoff Hellmann Steuerberater PartmbB<\/title>\n<meta name=\"robots\" content=\"index, follow, max-snippet:-1, max-image-preview:large, max-video-preview:-1\" \/>\n<link rel=\"canonical\" href=\"https:\/\/lbh2.de\/nl\/over-ons\/toewijding-sociale-verantwoordelijkheid\/\" \/>\n<meta property=\"og:locale\" content=\"nl_NL\" \/>\n<meta property=\"og:type\" content=\"article\" \/>\n<meta property=\"og:title\" content=\"Engagement &amp; Soziale Verantwortung - LBH\u00b2 | Ley Beyel Hoff Hellmann Steuerberater PartmbB\" \/>\n<meta property=\"og:description\" content=\"Wir \u00fcbernehmen Verantwortung Die Gemeinschaften, in denen wir leben, liegen uns sehr am Herzen. Daher engagieren wir uns f\u00fcr verschiedene Hilfsorganisationen und Vereine in der Region. Unser Einsatz geht dabei in vielen F\u00e4llen \u00fcber das reine Spenden hinaus. Hier einige Beispiele: Action Medeor, Unternehmer-Initiative Niederrhein TV Lobberich e.V. Unternehmerkreis Kempen e.V. Aktionsgemeinschaft Viersen-West-Afrika (AWA) baseL [&hellip;]\" \/>\n<meta property=\"og:url\" content=\"https:\/\/lbh2.de\/nl\/over-ons\/toewijding-sociale-verantwoordelijkheid\/\" \/>\n<meta property=\"og:site_name\" content=\"LBH\u00b2 | Ley Beyel Hoff Hellmann Steuerberater PartmbB\" \/>\n<meta property=\"article:modified_time\" content=\"2026-04-21T13:37:01+00:00\" \/>\n<meta property=\"og:image\" content=\"https:\/\/lbh2.de\/wp-content\/uploads\/lbh2-steuerberater_header-images_gruppe_06.jpg\" \/>\n\t<meta property=\"og:image:width\" content=\"1920\" \/>\n\t<meta property=\"og:image:height\" content=\"1055\" \/>\n\t<meta property=\"og:image:type\" content=\"image\/jpeg\" \/>\n<meta name=\"twitter:card\" content=\"summary_large_image\" \/>\n<meta name=\"twitter:label1\" content=\"Verwachte leestijd\" \/>\n\t<meta name=\"twitter:data1\" content=\"2 minuten\" \/>\n<script type=\"application\/ld+json\" class=\"yoast-schema-graph\">{\"@context\":\"https:\\\/\\\/schema.org\",\"@graph\":[{\"@type\":\"WebPage\",\"@id\":\"https:\\\/\\\/lbh2.de\\\/ueber-uns\\\/engagement-soziale-verantwortung\\\/\",\"url\":\"https:\\\/\\\/lbh2.de\\\/ueber-uns\\\/engagement-soziale-verantwortung\\\/\",\"name\":\"Engagement & Soziale Verantwortung - LBH\u00b2 | Ley Beyel Hoff Hellmann Steuerberater PartmbB\",\"isPartOf\":{\"@id\":\"https:\\\/\\\/lbh2.de\\\/#website\"},\"primaryImageOfPage\":{\"@id\":\"https:\\\/\\\/lbh2.de\\\/ueber-uns\\\/engagement-soziale-verantwortung\\\/#primaryimage\"},\"image\":{\"@id\":\"https:\\\/\\\/lbh2.de\\\/ueber-uns\\\/engagement-soziale-verantwortung\\\/#primaryimage\"},\"thumbnailUrl\":\"https:\\\/\\\/lbh2.de\\\/wp-content\\\/uploads\\\/lbh2-steuerberater_header-images_gruppe_06.jpg\",\"datePublished\":\"2024-02-05T12:53:54+00:00\",\"dateModified\":\"2026-04-21T13:37:01+00:00\",\"breadcrumb\":{\"@id\":\"https:\\\/\\\/lbh2.de\\\/ueber-uns\\\/engagement-soziale-verantwortung\\\/#breadcrumb\"},\"inLanguage\":\"nl-NL\",\"potentialAction\":[{\"@type\":\"ReadAction\",\"target\":[\"https:\\\/\\\/lbh2.de\\\/ueber-uns\\\/engagement-soziale-verantwortung\\\/\"]}]},{\"@type\":\"ImageObject\",\"inLanguage\":\"nl-NL\",\"@id\":\"https:\\\/\\\/lbh2.de\\\/ueber-uns\\\/engagement-soziale-verantwortung\\\/#primaryimage\",\"url\":\"https:\\\/\\\/lbh2.de\\\/wp-content\\\/uploads\\\/lbh2-steuerberater_header-images_gruppe_06.jpg\",\"contentUrl\":\"https:\\\/\\\/lbh2.de\\\/wp-content\\\/uploads\\\/lbh2-steuerberater_header-images_gruppe_06.jpg\",\"width\":1920,\"height\":1055,\"caption\":\"Gruppe von vier Businesspersonen, l\u00e4chelnd neben dem markanten LBH2-Logo in Wei\u00df und T\u00fcrkis.\"},{\"@type\":\"BreadcrumbList\",\"@id\":\"https:\\\/\\\/lbh2.de\\\/ueber-uns\\\/engagement-soziale-verantwortung\\\/#breadcrumb\",\"itemListElement\":[{\"@type\":\"ListItem\",\"position\":1,\"name\":\"Startseite\",\"item\":\"https:\\\/\\\/lbh2.de\\\/\"},{\"@type\":\"ListItem\",\"position\":2,\"name\":\"\u00dcber uns\",\"item\":\"https:\\\/\\\/lbh2.de\\\/ueber-uns\\\/\"},{\"@type\":\"ListItem\",\"position\":3,\"name\":\"Engagement &#038; Soziale Verantwortung\"}]},{\"@type\":\"WebSite\",\"@id\":\"https:\\\/\\\/lbh2.de\\\/#website\",\"url\":\"https:\\\/\\\/lbh2.de\\\/\",\"name\":\"LBH\u00b2 | Ley Beyel Hoff Hellmann Steuerberater PartmbB\",\"description\":\"LBH\u00b2 - Die Formel f\u00fcr Ihre erfolgreiche Zukunft\",\"publisher\":{\"@id\":\"https:\\\/\\\/lbh2.de\\\/#organization\"},\"alternateName\":\"LBH\u00b2 Steuerberatung\",\"potentialAction\":[{\"@type\":\"SearchAction\",\"target\":{\"@type\":\"EntryPoint\",\"urlTemplate\":\"https:\\\/\\\/lbh2.de\\\/?s={search_term_string}\"},\"query-input\":{\"@type\":\"PropertyValueSpecification\",\"valueRequired\":true,\"valueName\":\"search_term_string\"}}],\"inLanguage\":\"nl-NL\"},{\"@type\":\"Organization\",\"@id\":\"https:\\\/\\\/lbh2.de\\\/#organization\",\"name\":\"Ley Beyel Hoff Hellmann Steuerberater PartmbB\",\"alternateName\":\"LBH\u00b2 | Ley Beyel Hoff Hellmann Steuerberater PartmbB\",\"url\":\"https:\\\/\\\/lbh2.de\\\/\",\"logo\":{\"@type\":\"ImageObject\",\"inLanguage\":\"nl-NL\",\"@id\":\"https:\\\/\\\/lbh2.de\\\/#\\\/schema\\\/logo\\\/image\\\/\",\"url\":\"https:\\\/\\\/lbh2.de\\\/wp-content\\\/uploads\\\/2024\\\/02\\\/logo_lbh2_ohne-claim.png\",\"contentUrl\":\"https:\\\/\\\/lbh2.de\\\/wp-content\\\/uploads\\\/2024\\\/02\\\/logo_lbh2_ohne-claim.png\",\"width\":1000,\"height\":524,\"caption\":\"Ley Beyel Hoff Hellmann Steuerberater PartmbB\"},\"image\":{\"@id\":\"https:\\\/\\\/lbh2.de\\\/#\\\/schema\\\/logo\\\/image\\\/\"}}]}<\/script>\n<!-- \/ Yoast SEO plugin. -->","yoast_head_json":{"title":"Betrokkenheid &amp; sociale verantwoordelijkheid - LBH\u00b2 | Ley Beyel Hoff Hellmann Steuerberater PartmbB","robots":{"index":"index","follow":"follow","max-snippet":"max-snippet:-1","max-image-preview":"max-image-preview:large","max-video-preview":"max-video-preview:-1"},"canonical":"https:\/\/lbh2.de\/nl\/over-ons\/toewijding-sociale-verantwoordelijkheid\/","og_locale":"nl_NL","og_type":"article","og_title":"Engagement & Soziale Verantwortung - LBH\u00b2 | Ley Beyel Hoff Hellmann Steuerberater PartmbB","og_description":"Wir \u00fcbernehmen Verantwortung Die Gemeinschaften, in denen wir leben, liegen uns sehr am Herzen. Daher engagieren wir uns f\u00fcr verschiedene Hilfsorganisationen und Vereine in der Region. Unser Einsatz geht dabei in vielen F\u00e4llen \u00fcber das reine Spenden hinaus. Hier einige Beispiele: Action Medeor, Unternehmer-Initiative Niederrhein TV Lobberich e.V. Unternehmerkreis Kempen e.V. Aktionsgemeinschaft Viersen-West-Afrika (AWA) baseL [&hellip;]","og_url":"https:\/\/lbh2.de\/nl\/over-ons\/toewijding-sociale-verantwoordelijkheid\/","og_site_name":"LBH\u00b2 | Ley Beyel Hoff Hellmann Steuerberater PartmbB","article_modified_time":"2026-04-21T13:37:01+00:00","og_image":[{"width":1920,"height":1055,"url":"https:\/\/lbh2.de\/wp-content\/uploads\/lbh2-steuerberater_header-images_gruppe_06.jpg","type":"image\/jpeg"}],"twitter_card":"summary_large_image","twitter_misc":{"Verwachte leestijd":"2 minuten"},"schema":{"@context":"https:\/\/schema.org","@graph":[{"@type":"WebPage","@id":"https:\/\/lbh2.de\/ueber-uns\/engagement-soziale-verantwortung\/","url":"https:\/\/lbh2.de\/ueber-uns\/engagement-soziale-verantwortung\/","name":"Betrokkenheid &amp; sociale verantwoordelijkheid - LBH\u00b2 | Ley Beyel Hoff Hellmann Steuerberater PartmbB","isPartOf":{"@id":"https:\/\/lbh2.de\/#website"},"primaryImageOfPage":{"@id":"https:\/\/lbh2.de\/ueber-uns\/engagement-soziale-verantwortung\/#primaryimage"},"image":{"@id":"https:\/\/lbh2.de\/ueber-uns\/engagement-soziale-verantwortung\/#primaryimage"},"thumbnailUrl":"https:\/\/lbh2.de\/wp-content\/uploads\/lbh2-steuerberater_header-images_gruppe_06.jpg","datePublished":"2024-02-05T12:53:54+00:00","dateModified":"2026-04-21T13:37:01+00:00","breadcrumb":{"@id":"https:\/\/lbh2.de\/ueber-uns\/engagement-soziale-verantwortung\/#breadcrumb"},"inLanguage":"nl-NL","potentialAction":[{"@type":"ReadAction","target":["https:\/\/lbh2.de\/ueber-uns\/engagement-soziale-verantwortung\/"]}]},{"@type":"ImageObject","inLanguage":"nl-NL","@id":"https:\/\/lbh2.de\/ueber-uns\/engagement-soziale-verantwortung\/#primaryimage","url":"https:\/\/lbh2.de\/wp-content\/uploads\/lbh2-steuerberater_header-images_gruppe_06.jpg","contentUrl":"https:\/\/lbh2.de\/wp-content\/uploads\/lbh2-steuerberater_header-images_gruppe_06.jpg","width":1920,"height":1055,"caption":"Gruppe von vier Businesspersonen, l\u00e4chelnd neben dem markanten LBH2-Logo in Wei\u00df und T\u00fcrkis."},{"@type":"BreadcrumbList","@id":"https:\/\/lbh2.de\/ueber-uns\/engagement-soziale-verantwortung\/#breadcrumb","itemListElement":[{"@type":"ListItem","position":1,"name":"Startseite","item":"https:\/\/lbh2.de\/"},{"@type":"ListItem","position":2,"name":"\u00dcber uns","item":"https:\/\/lbh2.de\/ueber-uns\/"},{"@type":"ListItem","position":3,"name":"Engagement &#038; Soziale Verantwortung"}]},{"@type":"WebSite","@id":"https:\/\/lbh2.de\/#website","url":"https:\/\/lbh2.de\/","name":"LBH\u00b2 | Ley Beyel Hoff Hellmann Belastingadviseurs PartmbB","description":"LBH\u00b2 - De formule voor uw succesvolle toekomst","publisher":{"@id":"https:\/\/lbh2.de\/#organization"},"alternateName":"LBH\u00b2 Steuerberatung","potentialAction":[{"@type":"SearchAction","target":{"@type":"EntryPoint","urlTemplate":"https:\/\/lbh2.de\/?s={search_term_string}"},"query-input":{"@type":"PropertyValueSpecification","valueRequired":true,"valueName":"search_term_string"}}],"inLanguage":"nl-NL"},{"@type":"Organization","@id":"https:\/\/lbh2.de\/#organization","name":"Ley Beyel Hoff Hellmann Belastingadviseurs PartmbB","alternateName":"LBH\u00b2 | Ley Beyel Hoff Hellmann Steuerberater PartmbB","url":"https:\/\/lbh2.de\/","logo":{"@type":"ImageObject","inLanguage":"nl-NL","@id":"https:\/\/lbh2.de\/#\/schema\/logo\/image\/","url":"https:\/\/lbh2.de\/wp-content\/uploads\/2024\/02\/logo_lbh2_ohne-claim.png","contentUrl":"https:\/\/lbh2.de\/wp-content\/uploads\/2024\/02\/logo_lbh2_ohne-claim.png","width":1000,"height":524,"caption":"Ley Beyel Hoff Hellmann Steuerberater PartmbB"},"image":{"@id":"https:\/\/lbh2.de\/#\/schema\/logo\/image\/"}}]}},"_links":{"self":[{"href":"https:\/\/lbh2.de\/nl\/wp-json\/wp\/v2\/pages\/551","targetHints":{"allow":["GET"]}}],"collection":[{"href":"https:\/\/lbh2.de\/nl\/wp-json\/wp\/v2\/pages"}],"about":[{"href":"https:\/\/lbh2.de\/nl\/wp-json\/wp\/v2\/types\/page"}],"author":[{"embeddable":true,"href":"https:\/\/lbh2.de\/nl\/wp-json\/wp\/v2\/users\/1"}],"replies":[{"embeddable":true,"href":"https:\/\/lbh2.de\/nl\/wp-json\/wp\/v2\/comments?post=551"}],"version-history":[{"count":49,"href":"https:\/\/lbh2.de\/nl\/wp-json\/wp\/v2\/pages\/551\/revisions"}],"predecessor-version":[{"id":2997,"href":"https:\/\/lbh2.de\/nl\/wp-json\/wp\/v2\/pages\/551\/revisions\/2997"}],"up":[{"embeddable":true,"href":"https:\/\/lbh2.de\/nl\/wp-json\/wp\/v2\/pages\/111"}],"wp:featuredmedia":[{"embeddable":true,"href":"https:\/\/lbh2.de\/nl\/wp-json\/wp\/v2\/media\/2304"}],"wp:attachment":[{"href":"https:\/\/lbh2.de\/nl\/wp-json\/wp\/v2\/media?parent=551"}],"curies":[{"name":"wp","href":"https:\/\/api.w.org\/{rel}","templated":true}]}}